{"id":2576,"date":"2024-05-29T20:02:23","date_gmt":"2024-05-29T18:02:23","guid":{"rendered":"http:\/\/chantallbutik.pl\/?post_type=product&#038;p=2576"},"modified":"2025-09-23T21:54:48","modified_gmt":"2025-09-23T19:54:48","slug":"85ml-9","status":"publish","type":"product","link":"https:\/\/chantallbutik.pl\/index.php\/product\/85ml-9\/","title":{"rendered":"Inspiracja Carolina Herrera Very Good Girl Glam 85ml"},"content":{"rendered":"<p>Nuty zapachowe<\/p>\n<p>*Czere\u015bnia<\/p>\n<p>*R\u00f3\u017ca<\/p>\n<p>*Wanilia<\/p>\n","protected":false},"excerpt":{"rendered":"<p>Nuty zapachowe *Czere\u015bnia *R\u00f3\u017ca *Wanilia<\/p>\n","protected":false},"featured_media":2276,"comment_status":"open","ping_status":"closed","template":"","meta":[],"product_cat":[20],"product_tag":[],"_links":{"self":[{"href":"https:\/\/chantallbutik.pl\/index.php\/wp-json\/wp\/v2\/product\/2576"}],"collection":[{"href":"https:\/\/chantallbutik.pl\/index.php\/wp-json\/wp\/v2\/product"}],"about":[{"href":"https:\/\/chantallbutik.pl\/index.php\/wp-json\/wp\/v2\/types\/product"}],"replies":[{"embeddable":true,"href":"https:\/\/chantallbutik.pl\/index.php\/wp-json\/wp\/v2\/comments?post=2576"}],"wp:featuredmedia":[{"embeddable":true,"href":"https:\/\/chantallbutik.pl\/index.php\/wp-json\/wp\/v2\/media\/2276"}],"wp:attachment":[{"href":"https:\/\/chantallbutik.pl\/index.php\/wp-json\/wp\/v2\/media?parent=2576"}],"wp:term":[{"taxonomy":"product_cat","embeddable":true,"href":"https:\/\/chantallbutik.pl\/index.php\/wp-json\/wp\/v2\/product_cat?post=2576"},{"taxonomy":"product_tag","embeddable":true,"href":"https:\/\/chantallbutik.pl\/index.php\/wp-json\/wp\/v2\/product_tag?post=2576"}],"curies":[{"name":"wp","href":"https:\/\/api.w.org\/{rel}","templated":true}]}}