{"id":2569,"date":"2024-05-29T19:59:34","date_gmt":"2024-05-29T17:59:34","guid":{"rendered":"http:\/\/chantallbutik.pl\/?post_type=product&#038;p=2569"},"modified":"2025-09-23T21:54:48","modified_gmt":"2025-09-23T19:54:48","slug":"85ml-5","status":"publish","type":"product","link":"https:\/\/chantallbutik.pl\/index.php\/product\/85ml-5\/","title":{"rendered":"Inspiracja Carolina Herrera Good Girl 50ml"},"content":{"rendered":"","protected":false},"excerpt":{"rendered":"<p>Pojemno\u015b\u0107 50ml<\/p>\n<div class=\"h6\">Nuty Zapachowe:<\/div>\n<div class=\"product__desc-line\"><span class=\"product__desc-title\"><b>Nuta g\u0142\u00f3wna:<\/b> <\/span> <span class=\"product__desc-val\"> cytryna, kawa, migda\u0142, bergamotka <\/span><\/div>\n<div class=\"product__desc-line\"><span class=\"product__desc-title\"><b>Nuta serca:<\/b> <\/span> <span class=\"product__desc-val\"> ja\u015bmin wielkolistny, kwiat pomara\u0144czy, r\u00f3\u017ca bu\u0142garska, tuberoza, irys <\/span><\/div>\n<div class=\"product__desc-line\"><span class=\"product__desc-title\"><b>Nuty bazy:<\/b> <\/span> <span class=\"product__desc-val\"> cedr, cynamon, drzewo kaszmirowe, drzewo sanda\u0142owe, fasolka tonka, kakao, paczula, pi\u017cmo, pralina, wanilia, bursztyn <\/span><\/div>\n","protected":false},"featured_media":2282,"comment_status":"open","ping_status":"closed","template":"","meta":[],"product_cat":[20],"product_tag":[],"_links":{"self":[{"href":"https:\/\/chantallbutik.pl\/index.php\/wp-json\/wp\/v2\/product\/2569"}],"collection":[{"href":"https:\/\/chantallbutik.pl\/index.php\/wp-json\/wp\/v2\/product"}],"about":[{"href":"https:\/\/chantallbutik.pl\/index.php\/wp-json\/wp\/v2\/types\/product"}],"replies":[{"embeddable":true,"href":"https:\/\/chantallbutik.pl\/index.php\/wp-json\/wp\/v2\/comments?post=2569"}],"wp:featuredmedia":[{"embeddable":true,"href":"https:\/\/chantallbutik.pl\/index.php\/wp-json\/wp\/v2\/media\/2282"}],"wp:attachment":[{"href":"https:\/\/chantallbutik.pl\/index.php\/wp-json\/wp\/v2\/media?parent=2569"}],"wp:term":[{"taxonomy":"product_cat","embeddable":true,"href":"https:\/\/chantallbutik.pl\/index.php\/wp-json\/wp\/v2\/product_cat?post=2569"},{"taxonomy":"product_tag","embeddable":true,"href":"https:\/\/chantallbutik.pl\/index.php\/wp-json\/wp\/v2\/product_tag?post=2569"}],"curies":[{"name":"wp","href":"https:\/\/api.w.org\/{rel}","templated":true}]}}