{"id":2554,"date":"2024-05-29T19:53:59","date_gmt":"2024-05-29T17:53:59","guid":{"rendered":"http:\/\/chantallbutik.pl\/?post_type=product&#038;p=2554"},"modified":"2025-09-23T22:02:34","modified_gmt":"2025-09-23T20:02:34","slug":"110ml-2","status":"publish","type":"product","link":"https:\/\/chantallbutik.pl\/index.php\/product\/110ml-2\/","title":{"rendered":"Inspiracja Carolina Herrera Bad Boy Extreme 110ml"},"content":{"rendered":"","protected":false},"excerpt":{"rendered":"<p>Pojemno\u015b\u0107 110ml<\/p>\n<p class=\"western\"><b>Premiera: <\/b>2022 rok<\/p>\n<p class=\"western\">To bursztynowe perfumy dla m\u0119\u017cczyzn.<\/p>\n<p><b>Zawiera nuty zapachowe takie jak:\u00a0<\/b><\/p>\n<p><b> <\/b>Li\u015b\u0107 indonezyjskiej paczuli, Wetyweria, Sza\u0142wi muszkato\u0142owa, Kakao, Kadzid\u0142o, Fasolka tonka, Indyjski imbir, Opoponaks, Olibanum, Davana, \u015aliwka Bergamotka, Labdanum.<b><br \/>\n<\/b><\/p>\n","protected":false},"featured_media":2295,"comment_status":"open","ping_status":"closed","template":"","meta":[],"product_cat":[19],"product_tag":[],"_links":{"self":[{"href":"https:\/\/chantallbutik.pl\/index.php\/wp-json\/wp\/v2\/product\/2554"}],"collection":[{"href":"https:\/\/chantallbutik.pl\/index.php\/wp-json\/wp\/v2\/product"}],"about":[{"href":"https:\/\/chantallbutik.pl\/index.php\/wp-json\/wp\/v2\/types\/product"}],"replies":[{"embeddable":true,"href":"https:\/\/chantallbutik.pl\/index.php\/wp-json\/wp\/v2\/comments?post=2554"}],"wp:featuredmedia":[{"embeddable":true,"href":"https:\/\/chantallbutik.pl\/index.php\/wp-json\/wp\/v2\/media\/2295"}],"wp:attachment":[{"href":"https:\/\/chantallbutik.pl\/index.php\/wp-json\/wp\/v2\/media?parent=2554"}],"wp:term":[{"taxonomy":"product_cat","embeddable":true,"href":"https:\/\/chantallbutik.pl\/index.php\/wp-json\/wp\/v2\/product_cat?post=2554"},{"taxonomy":"product_tag","embeddable":true,"href":"https:\/\/chantallbutik.pl\/index.php\/wp-json\/wp\/v2\/product_tag?post=2554"}],"curies":[{"name":"wp","href":"https:\/\/api.w.org\/{rel}","templated":true}]}}