{"id":2533,"date":"2024-05-29T19:46:45","date_gmt":"2024-05-29T17:46:45","guid":{"rendered":"http:\/\/chantallbutik.pl\/?post_type=product&#038;p=2533"},"modified":"2025-09-23T22:00:41","modified_gmt":"2025-09-23T20:00:41","slug":"100ml-58","status":"publish","type":"product","link":"https:\/\/chantallbutik.pl\/index.php\/product\/100ml-58\/","title":{"rendered":"Inspiracja Hugo Boss Bottled Unlimited 100ml"},"content":{"rendered":"","protected":false},"excerpt":{"rendered":"<p>Pojemno\u015b\u0107 100ml<\/p>\n<p><strong>Premiera: <\/strong>2014 rok<\/p>\n<p>To aromatyczno &#8211; fougere perfumy dla m\u0119\u017cczyzn.<\/p>\n<p><strong>Nuty zapachowe:<\/strong><\/p>\n<p>nuta g\u0142owy: mi\u0119ta, li\u015b\u0107 fio\u0142ka i grejpfrut;<\/p>\n<p>nuta serca: ananas, cynamon i r\u00f3\u017ca;<\/p>\n<p>nuta bazy: labdanum, drzewo sanda\u0142owe i bia\u0142e pi\u017cmo.<\/p>\n","protected":false},"featured_media":2311,"comment_status":"open","ping_status":"closed","template":"","meta":[],"product_cat":[19],"product_tag":[],"_links":{"self":[{"href":"https:\/\/chantallbutik.pl\/index.php\/wp-json\/wp\/v2\/product\/2533"}],"collection":[{"href":"https:\/\/chantallbutik.pl\/index.php\/wp-json\/wp\/v2\/product"}],"about":[{"href":"https:\/\/chantallbutik.pl\/index.php\/wp-json\/wp\/v2\/types\/product"}],"replies":[{"embeddable":true,"href":"https:\/\/chantallbutik.pl\/index.php\/wp-json\/wp\/v2\/comments?post=2533"}],"wp:featuredmedia":[{"embeddable":true,"href":"https:\/\/chantallbutik.pl\/index.php\/wp-json\/wp\/v2\/media\/2311"}],"wp:attachment":[{"href":"https:\/\/chantallbutik.pl\/index.php\/wp-json\/wp\/v2\/media?parent=2533"}],"wp:term":[{"taxonomy":"product_cat","embeddable":true,"href":"https:\/\/chantallbutik.pl\/index.php\/wp-json\/wp\/v2\/product_cat?post=2533"},{"taxonomy":"product_tag","embeddable":true,"href":"https:\/\/chantallbutik.pl\/index.php\/wp-json\/wp\/v2\/product_tag?post=2533"}],"curies":[{"name":"wp","href":"https:\/\/api.w.org\/{rel}","templated":true}]}}