{"id":2530,"date":"2024-05-29T19:45:35","date_gmt":"2024-05-29T17:45:35","guid":{"rendered":"http:\/\/chantallbutik.pl\/?post_type=product&#038;p=2530"},"modified":"2025-09-23T22:00:41","modified_gmt":"2025-09-23T20:00:41","slug":"100ml-55","status":"publish","type":"product","link":"https:\/\/chantallbutik.pl\/index.php\/product\/100ml-55\/","title":{"rendered":"Inspiracja Paco Rabanne Phantom Parfum 100ml"},"content":{"rendered":"","protected":false},"excerpt":{"rendered":"<p>Pojemno\u015b\u0107 100ml<\/p>\n<p><b>T<\/b>o aromatyczne perfumy dla m\u0119\u017cczyzn. S\u0105 to nowe perfumy,<\/p>\n<p>Nutami g\u0142owy s\u0105 Kardamon, Bergamotka, Rabarbar i Cytryna;<\/p>\n<p>Nutami serca s\u0105 Lawenda, Paczula, Cedr i Geranium;<\/p>\n<p>Nutami bazy s\u0105 Wanilia, Balsam Tolu i Haita\u0144ska wetyweria.<\/p>\n","protected":false},"featured_media":2314,"comment_status":"open","ping_status":"closed","template":"","meta":[],"product_cat":[19],"product_tag":[],"_links":{"self":[{"href":"https:\/\/chantallbutik.pl\/index.php\/wp-json\/wp\/v2\/product\/2530"}],"collection":[{"href":"https:\/\/chantallbutik.pl\/index.php\/wp-json\/wp\/v2\/product"}],"about":[{"href":"https:\/\/chantallbutik.pl\/index.php\/wp-json\/wp\/v2\/types\/product"}],"replies":[{"embeddable":true,"href":"https:\/\/chantallbutik.pl\/index.php\/wp-json\/wp\/v2\/comments?post=2530"}],"wp:featuredmedia":[{"embeddable":true,"href":"https:\/\/chantallbutik.pl\/index.php\/wp-json\/wp\/v2\/media\/2314"}],"wp:attachment":[{"href":"https:\/\/chantallbutik.pl\/index.php\/wp-json\/wp\/v2\/media?parent=2530"}],"wp:term":[{"taxonomy":"product_cat","embeddable":true,"href":"https:\/\/chantallbutik.pl\/index.php\/wp-json\/wp\/v2\/product_cat?post=2530"},{"taxonomy":"product_tag","embeddable":true,"href":"https:\/\/chantallbutik.pl\/index.php\/wp-json\/wp\/v2\/product_tag?post=2530"}],"curies":[{"name":"wp","href":"https:\/\/api.w.org\/{rel}","templated":true}]}}