{"id":2480,"date":"2024-05-29T19:19:18","date_gmt":"2024-05-29T17:19:18","guid":{"rendered":"http:\/\/chantallbutik.pl\/?post_type=product&#038;p=2480"},"modified":"2025-09-23T22:03:01","modified_gmt":"2025-09-23T20:03:01","slug":"50ml-8","status":"publish","type":"product","link":"https:\/\/chantallbutik.pl\/index.php\/product\/50ml-8\/","title":{"rendered":"Inspiracja Miu Miu 50ml"},"content":{"rendered":"","protected":false},"excerpt":{"rendered":"<p>Pojemno\u015b\u0107 50ml<\/p>\n<div class=\"grid grid-cols-[auto_1fr] gap-x-4\">\n<div class=\"font-bold\">Nuta g\u0142owy<\/div>\n<div>konwalia<\/div>\n<\/div>\n<div class=\"grid grid-cols-[auto_1fr] gap-x-4\">\n<div class=\"font-bold\">Nuta serca<\/div>\n<div>ja\u015bmin, nuty zielone, r\u00f3\u017ca<\/div>\n<\/div>\n<div class=\"grid grid-cols-[auto_1fr] gap-x-4\">\n<div class=\"font-bold\">Nuta podstawowa<\/div>\n<div>paczula<\/div>\n<\/div>\n","protected":false},"featured_media":2353,"comment_status":"open","ping_status":"closed","template":"","meta":[],"product_cat":[20],"product_tag":[],"_links":{"self":[{"href":"https:\/\/chantallbutik.pl\/index.php\/wp-json\/wp\/v2\/product\/2480"}],"collection":[{"href":"https:\/\/chantallbutik.pl\/index.php\/wp-json\/wp\/v2\/product"}],"about":[{"href":"https:\/\/chantallbutik.pl\/index.php\/wp-json\/wp\/v2\/types\/product"}],"replies":[{"embeddable":true,"href":"https:\/\/chantallbutik.pl\/index.php\/wp-json\/wp\/v2\/comments?post=2480"}],"wp:featuredmedia":[{"embeddable":true,"href":"https:\/\/chantallbutik.pl\/index.php\/wp-json\/wp\/v2\/media\/2353"}],"wp:attachment":[{"href":"https:\/\/chantallbutik.pl\/index.php\/wp-json\/wp\/v2\/media?parent=2480"}],"wp:term":[{"taxonomy":"product_cat","embeddable":true,"href":"https:\/\/chantallbutik.pl\/index.php\/wp-json\/wp\/v2\/product_cat?post=2480"},{"taxonomy":"product_tag","embeddable":true,"href":"https:\/\/chantallbutik.pl\/index.php\/wp-json\/wp\/v2\/product_tag?post=2480"}],"curies":[{"name":"wp","href":"https:\/\/api.w.org\/{rel}","templated":true}]}}