{"id":2474,"date":"2024-05-29T19:16:59","date_gmt":"2024-05-29T17:16:59","guid":{"rendered":"http:\/\/chantallbutik.pl\/?post_type=product&#038;p=2474"},"modified":"2025-09-23T22:03:02","modified_gmt":"2025-09-23T20:03:02","slug":"60ml-4","status":"publish","type":"product","link":"https:\/\/chantallbutik.pl\/index.php\/product\/60ml-4\/","title":{"rendered":"Inspiracja Bvlgari Rose Goldea z brokatem 60ml"},"content":{"rendered":"<blockquote><p>Nuty zapachowe;<\/p>\n<p>G\u0142owa owoc granatu<\/p>\n<p>Serce r\u00f3\u017ca damasce\u0144ska<\/p>\n<p>Podstawa pi\u017cmo<\/p>\n<p>Perfumy s\u0105 z brokatem\ud83d\ude0f<\/p><\/blockquote>\n","protected":false},"excerpt":{"rendered":"<p>Pojemno\u015b\u0107 60ml<\/p>\n<div class=\"h6\">Nuty Zapachowe:<\/div>\n<div class=\"product__desc-line\"><span class=\"product__desc-title\"><b>Nuta g\u0142\u00f3wna:<\/b> <\/span> <span class=\"product__desc-val\"> li\u015b\u0107 fio\u0142ka, papaja, ja\u015bmin <\/span><\/div>\n<div class=\"product__desc-line\"><span class=\"product__desc-title\"><b>Nuta serca:<\/b> <\/span> <span class=\"product__desc-val\"> rose leaf, r\u00f3\u017ca, konwalia <\/span><\/div>\n<div class=\"product__desc-line\"><span class=\"product__desc-title\"><b>Nuty bazy:<\/b> <\/span> <span class=\"product__desc-val\"> bursztyn, r\u00f3\u017ca bu\u0142garska, bia\u0142e pi\u017cmo <\/span><\/div>\n","protected":false},"featured_media":2359,"comment_status":"open","ping_status":"closed","template":"","meta":[],"product_cat":[20],"product_tag":[],"_links":{"self":[{"href":"https:\/\/chantallbutik.pl\/index.php\/wp-json\/wp\/v2\/product\/2474"}],"collection":[{"href":"https:\/\/chantallbutik.pl\/index.php\/wp-json\/wp\/v2\/product"}],"about":[{"href":"https:\/\/chantallbutik.pl\/index.php\/wp-json\/wp\/v2\/types\/product"}],"replies":[{"embeddable":true,"href":"https:\/\/chantallbutik.pl\/index.php\/wp-json\/wp\/v2\/comments?post=2474"}],"wp:featuredmedia":[{"embeddable":true,"href":"https:\/\/chantallbutik.pl\/index.php\/wp-json\/wp\/v2\/media\/2359"}],"wp:attachment":[{"href":"https:\/\/chantallbutik.pl\/index.php\/wp-json\/wp\/v2\/media?parent=2474"}],"wp:term":[{"taxonomy":"product_cat","embeddable":true,"href":"https:\/\/chantallbutik.pl\/index.php\/wp-json\/wp\/v2\/product_cat?post=2474"},{"taxonomy":"product_tag","embeddable":true,"href":"https:\/\/chantallbutik.pl\/index.php\/wp-json\/wp\/v2\/product_tag?post=2474"}],"curies":[{"name":"wp","href":"https:\/\/api.w.org\/{rel}","templated":true}]}}