{"id":2473,"date":"2024-05-29T19:16:25","date_gmt":"2024-05-29T17:16:25","guid":{"rendered":"http:\/\/chantallbutik.pl\/?post_type=product&#038;p=2473"},"modified":"2025-09-23T22:03:02","modified_gmt":"2025-09-23T20:03:02","slug":"50ml-6","status":"publish","type":"product","link":"https:\/\/chantallbutik.pl\/index.php\/product\/50ml-6\/","title":{"rendered":"Inspiracja Tom Ford Eau De Soleil Blanc  50ml"},"content":{"rendered":"","protected":false},"excerpt":{"rendered":"<p>Pojemno\u015b\u0107 50ml<\/p>\n<p><b>Premiera: <\/b>2018 rok<\/p>\n<p>To orientalno &#8211; kwiatowe perfumy dla kobiet i m\u0119\u017cczyzn.<\/p>\n<p><strong>Nuty zapachowe:<\/strong><\/p>\n<p>nuta g\u0142owy: Gorzka pomara\u0144cza, Neroli, Pistacja, Cytron, Bergamotka, Petitgrain, Kardamon, R\u00f3\u017cowy pieprz i Kminek;<\/p>\n<p>nuta serca: Tuberoza, Kwiat tunezyjskiej pomara\u0144czy, Ylang-ylang, Ja\u015bmin i Galbanum;<\/p>\n<p>nuta bazy: Kokos, Wanilia, Fasolka tonka, Bursztyn i Benzoes.<\/p>\n","protected":false},"featured_media":2360,"comment_status":"open","ping_status":"closed","template":"","meta":[],"product_cat":[20],"product_tag":[],"_links":{"self":[{"href":"https:\/\/chantallbutik.pl\/index.php\/wp-json\/wp\/v2\/product\/2473"}],"collection":[{"href":"https:\/\/chantallbutik.pl\/index.php\/wp-json\/wp\/v2\/product"}],"about":[{"href":"https:\/\/chantallbutik.pl\/index.php\/wp-json\/wp\/v2\/types\/product"}],"replies":[{"embeddable":true,"href":"https:\/\/chantallbutik.pl\/index.php\/wp-json\/wp\/v2\/comments?post=2473"}],"wp:featuredmedia":[{"embeddable":true,"href":"https:\/\/chantallbutik.pl\/index.php\/wp-json\/wp\/v2\/media\/2360"}],"wp:attachment":[{"href":"https:\/\/chantallbutik.pl\/index.php\/wp-json\/wp\/v2\/media?parent=2473"}],"wp:term":[{"taxonomy":"product_cat","embeddable":true,"href":"https:\/\/chantallbutik.pl\/index.php\/wp-json\/wp\/v2\/product_cat?post=2473"},{"taxonomy":"product_tag","embeddable":true,"href":"https:\/\/chantallbutik.pl\/index.php\/wp-json\/wp\/v2\/product_tag?post=2473"}],"curies":[{"name":"wp","href":"https:\/\/api.w.org\/{rel}","templated":true}]}}