{"id":2459,"date":"2024-05-29T19:10:24","date_gmt":"2024-05-29T17:10:24","guid":{"rendered":"http:\/\/chantallbutik.pl\/?post_type=product&#038;p=2459"},"modified":"2025-09-23T22:03:26","modified_gmt":"2025-09-23T20:03:26","slug":"100ml-21","status":"publish","type":"product","link":"https:\/\/chantallbutik.pl\/index.php\/product\/100ml-21\/","title":{"rendered":"Inspiracja GUCCI FLORA GORGEOUS GARDENIA 100ml"},"content":{"rendered":"<p>Premiera: 2021 rok<\/p>\n<p>kwiatowe perfumy dla kobiet.<\/p>\n<p>&nbsp;<\/p>\n<p>Nuty zapachowe:<\/p>\n<p>&nbsp;<\/p>\n<p>nuta g\u0142owy: Kwiat gruszy;<\/p>\n<p>&nbsp;<\/p>\n<p>nuta serca: Gardenia i Ja\u015bmin;<\/p>\n<p>&nbsp;<\/p>\n<p>nuta bazy: Br\u0105zowy cukier i Paczula.<\/p>\n","protected":false},"excerpt":{"rendered":"<p>Premiera: 2021 rok kwiatowe perfumy dla kobiet. &nbsp; Nuty zapachowe: &nbsp; nuta g\u0142owy: Kwiat gruszy; &nbsp; nuta serca: Gardenia i Ja\u015bmin; &nbsp; nuta bazy: Br\u0105zowy cukier i Paczula.<\/p>\n","protected":false},"featured_media":2372,"comment_status":"open","ping_status":"closed","template":"","meta":[],"product_cat":[20],"product_tag":[],"_links":{"self":[{"href":"https:\/\/chantallbutik.pl\/index.php\/wp-json\/wp\/v2\/product\/2459"}],"collection":[{"href":"https:\/\/chantallbutik.pl\/index.php\/wp-json\/wp\/v2\/product"}],"about":[{"href":"https:\/\/chantallbutik.pl\/index.php\/wp-json\/wp\/v2\/types\/product"}],"replies":[{"embeddable":true,"href":"https:\/\/chantallbutik.pl\/index.php\/wp-json\/wp\/v2\/comments?post=2459"}],"wp:featuredmedia":[{"embeddable":true,"href":"https:\/\/chantallbutik.pl\/index.php\/wp-json\/wp\/v2\/media\/2372"}],"wp:attachment":[{"href":"https:\/\/chantallbutik.pl\/index.php\/wp-json\/wp\/v2\/media?parent=2459"}],"wp:term":[{"taxonomy":"product_cat","embeddable":true,"href":"https:\/\/chantallbutik.pl\/index.php\/wp-json\/wp\/v2\/product_cat?post=2459"},{"taxonomy":"product_tag","embeddable":true,"href":"https:\/\/chantallbutik.pl\/index.php\/wp-json\/wp\/v2\/product_tag?post=2459"}],"curies":[{"name":"wp","href":"https:\/\/api.w.org\/{rel}","templated":true}]}}