{"id":2453,"date":"2024-05-29T19:07:39","date_gmt":"2024-05-29T17:07:39","guid":{"rendered":"http:\/\/chantallbutik.pl\/?post_type=product&#038;p=2453"},"modified":"2025-09-23T22:03:26","modified_gmt":"2025-09-23T20:03:26","slug":"100ml-18","status":"publish","type":"product","link":"https:\/\/chantallbutik.pl\/index.php\/product\/100ml-18\/","title":{"rendered":"Inspiracja MOSCHINO TOY 2 BUBBLE GUM100ml"},"content":{"rendered":"<p>Premiera: 2021 rok<\/p>\n<p>kwiatowo &#8211; owocowe perfumy dla kobiet.<\/p>\n<p>&nbsp;<\/p>\n<p>Nuty zapachowe:<\/p>\n<p>&nbsp;<\/p>\n<p>nuta g\u0142owy: Kandyzowane owoce, Cytryna i Gorzka pomara\u0144cza;<\/p>\n<p>&nbsp;<\/p>\n<p>nuta serca: Guma balonowa, R\u00f3\u017ca bu\u0142garska, Jagoda, Brzoskwinia, Kwiat brzoskwini, Cynamon i Imbir;<\/p>\n<p>&nbsp;<\/p>\n<p>nuta bazy: Pi\u017cmo, Ambroksan i Cedr.<\/p>\n","protected":false},"excerpt":{"rendered":"<p>Premiera: 2021 rok kwiatowo &#8211; owocowe perfumy dla kobiet. &nbsp; Nuty zapachowe: &nbsp; nuta g\u0142owy: Kandyzowane owoce, Cytryna i Gorzka pomara\u0144cza; &nbsp; nuta serca: Guma balonowa, R\u00f3\u017ca bu\u0142garska, Jagoda, Brzoskwinia, Kwiat brzoskwini, Cynamon i Imbir; &nbsp; nuta bazy: Pi\u017cmo, Ambroksan i Cedr.<\/p>\n","protected":false},"featured_media":2376,"comment_status":"open","ping_status":"closed","template":"","meta":[],"product_cat":[20],"product_tag":[],"_links":{"self":[{"href":"https:\/\/chantallbutik.pl\/index.php\/wp-json\/wp\/v2\/product\/2453"}],"collection":[{"href":"https:\/\/chantallbutik.pl\/index.php\/wp-json\/wp\/v2\/product"}],"about":[{"href":"https:\/\/chantallbutik.pl\/index.php\/wp-json\/wp\/v2\/types\/product"}],"replies":[{"embeddable":true,"href":"https:\/\/chantallbutik.pl\/index.php\/wp-json\/wp\/v2\/comments?post=2453"}],"wp:featuredmedia":[{"embeddable":true,"href":"https:\/\/chantallbutik.pl\/index.php\/wp-json\/wp\/v2\/media\/2376"}],"wp:attachment":[{"href":"https:\/\/chantallbutik.pl\/index.php\/wp-json\/wp\/v2\/media?parent=2453"}],"wp:term":[{"taxonomy":"product_cat","embeddable":true,"href":"https:\/\/chantallbutik.pl\/index.php\/wp-json\/wp\/v2\/product_cat?post=2453"},{"taxonomy":"product_tag","embeddable":true,"href":"https:\/\/chantallbutik.pl\/index.php\/wp-json\/wp\/v2\/product_tag?post=2453"}],"curies":[{"name":"wp","href":"https:\/\/api.w.org\/{rel}","templated":true}]}}