{"id":2450,"date":"2024-05-29T19:06:26","date_gmt":"2024-05-29T17:06:26","guid":{"rendered":"http:\/\/chantallbutik.pl\/?post_type=product&#038;p=2450"},"modified":"2025-09-23T22:03:26","modified_gmt":"2025-09-23T20:03:26","slug":"105ml","status":"publish","type":"product","link":"https:\/\/chantallbutik.pl\/index.php\/product\/105ml\/","title":{"rendered":"Inspiracja GIVENCHY L&#8217;INTERDIT 105ml"},"content":{"rendered":"<p>Premiera: 2022 rok<\/p>\n<p>kwiatowe perfumy dla kobiet.<\/p>\n<p>&nbsp;<\/p>\n<p>Nuty zapachowe:<\/p>\n<p>&nbsp;<\/p>\n<p>nuta g\u0142owy: Pomara\u0144cza, Gorzka pomara\u0144cza, Bergamotka i Mandarynka;<\/p>\n<p>&nbsp;<\/p>\n<p>nuta serca: Tuberoza, Kwiat pomara\u0144czy i Ja\u015bmin;<\/p>\n<p>&nbsp;<\/p>\n<p>nuta bazy: Pi\u017cmo, Cistus Incanus, Drzewo sanda\u0142owe, Wetyweria i Li\u015b\u0107 indonezyjskiej paczuli.<\/p>\n","protected":false},"excerpt":{"rendered":"<p>Premiera: 2022 rok kwiatowe perfumy dla kobiet. &nbsp; Nuty zapachowe: &nbsp; nuta g\u0142owy: Pomara\u0144cza, Gorzka pomara\u0144cza, Bergamotka i Mandarynka; &nbsp; nuta serca: Tuberoza, Kwiat pomara\u0144czy i Ja\u015bmin; &nbsp; nuta bazy: Pi\u017cmo, Cistus Incanus, Drzewo sanda\u0142owe, Wetyweria i Li\u015b\u0107 indonezyjskiej paczuli.<\/p>\n","protected":false},"featured_media":2379,"comment_status":"open","ping_status":"closed","template":"","meta":[],"product_cat":[20],"product_tag":[],"_links":{"self":[{"href":"https:\/\/chantallbutik.pl\/index.php\/wp-json\/wp\/v2\/product\/2450"}],"collection":[{"href":"https:\/\/chantallbutik.pl\/index.php\/wp-json\/wp\/v2\/product"}],"about":[{"href":"https:\/\/chantallbutik.pl\/index.php\/wp-json\/wp\/v2\/types\/product"}],"replies":[{"embeddable":true,"href":"https:\/\/chantallbutik.pl\/index.php\/wp-json\/wp\/v2\/comments?post=2450"}],"wp:featuredmedia":[{"embeddable":true,"href":"https:\/\/chantallbutik.pl\/index.php\/wp-json\/wp\/v2\/media\/2379"}],"wp:attachment":[{"href":"https:\/\/chantallbutik.pl\/index.php\/wp-json\/wp\/v2\/media?parent=2450"}],"wp:term":[{"taxonomy":"product_cat","embeddable":true,"href":"https:\/\/chantallbutik.pl\/index.php\/wp-json\/wp\/v2\/product_cat?post=2450"},{"taxonomy":"product_tag","embeddable":true,"href":"https:\/\/chantallbutik.pl\/index.php\/wp-json\/wp\/v2\/product_tag?post=2450"}],"curies":[{"name":"wp","href":"https:\/\/api.w.org\/{rel}","templated":true}]}}