{"id":2447,"date":"2024-05-29T19:05:41","date_gmt":"2024-05-29T17:05:41","guid":{"rendered":"http:\/\/chantallbutik.pl\/?post_type=product&#038;p=2447"},"modified":"2025-09-23T22:03:26","modified_gmt":"2025-09-23T20:03:26","slug":"60ml","status":"publish","type":"product","link":"https:\/\/chantallbutik.pl\/index.php\/product\/60ml\/","title":{"rendered":"Inspiracja VALENTINO DONNA BORN IN ROMA 60ml"},"content":{"rendered":"<p>Premiera: 2015 rok<\/p>\n<p>orientalno &#8211; kwiatowe perfumy dla kobiet.<\/p>\n<p>&nbsp;<\/p>\n<p>&nbsp;<\/p>\n<p>Nuty zapachowe:<\/p>\n<p>&nbsp;<\/p>\n<p>nuta g\u0142owy: Bergamotka i Grejpfrut;<\/p>\n<p>&nbsp;<\/p>\n<p>nuta serca: Irys, R\u00f3\u017ca bu\u0142garska i Pralina;<\/p>\n<p>&nbsp;<\/p>\n<p>nuta bazy: Wanilia, Sk\u00f3ra i Paczula.<\/p>\n","protected":false},"excerpt":{"rendered":"<p>Premiera: 2015 rok orientalno &#8211; kwiatowe perfumy dla kobiet. &nbsp; &nbsp; Nuty zapachowe: &nbsp; nuta g\u0142owy: Bergamotka i Grejpfrut; &nbsp; nuta serca: Irys, R\u00f3\u017ca bu\u0142garska i Pralina; &nbsp; nuta bazy: Wanilia, Sk\u00f3ra i Paczula.<\/p>\n","protected":false},"featured_media":2381,"comment_status":"open","ping_status":"closed","template":"","meta":[],"product_cat":[20],"product_tag":[],"_links":{"self":[{"href":"https:\/\/chantallbutik.pl\/index.php\/wp-json\/wp\/v2\/product\/2447"}],"collection":[{"href":"https:\/\/chantallbutik.pl\/index.php\/wp-json\/wp\/v2\/product"}],"about":[{"href":"https:\/\/chantallbutik.pl\/index.php\/wp-json\/wp\/v2\/types\/product"}],"replies":[{"embeddable":true,"href":"https:\/\/chantallbutik.pl\/index.php\/wp-json\/wp\/v2\/comments?post=2447"}],"wp:featuredmedia":[{"embeddable":true,"href":"https:\/\/chantallbutik.pl\/index.php\/wp-json\/wp\/v2\/media\/2381"}],"wp:attachment":[{"href":"https:\/\/chantallbutik.pl\/index.php\/wp-json\/wp\/v2\/media?parent=2447"}],"wp:term":[{"taxonomy":"product_cat","embeddable":true,"href":"https:\/\/chantallbutik.pl\/index.php\/wp-json\/wp\/v2\/product_cat?post=2447"},{"taxonomy":"product_tag","embeddable":true,"href":"https:\/\/chantallbutik.pl\/index.php\/wp-json\/wp\/v2\/product_tag?post=2447"}],"curies":[{"name":"wp","href":"https:\/\/api.w.org\/{rel}","templated":true}]}}