{"id":2446,"date":"2024-05-29T19:05:10","date_gmt":"2024-05-29T17:05:10","guid":{"rendered":"http:\/\/chantallbutik.pl\/?post_type=product&#038;p=2446"},"modified":"2025-09-23T22:03:26","modified_gmt":"2025-09-23T20:03:26","slug":"100ml-14","status":"publish","type":"product","link":"https:\/\/chantallbutik.pl\/index.php\/product\/100ml-14\/","title":{"rendered":"Inspiracja MARC JACOBS DAISY EAU SO FRESH 100ml"},"content":{"rendered":"<p style=\"padding-left: 30px;\">Nuty zapachowe:<\/p>\n<p style=\"padding-left: 30px;\">Nuta g\u0142owy: r\u00f3\u017cowy grejpfrut, malina, gruszka<\/p>\n<p style=\"padding-left: 30px;\">Nuta serca: fio\u0142ek, dzika r\u00f3\u017ca, kwiat jab\u0142oni, liczi, p\u0142atki ja\u015bminu<\/p>\n<p style=\"padding-left: 30px;\">Nuta bazy: pi\u017cmo, \u015bliwka, drzewo cedrowe<\/p>\n","protected":false},"excerpt":{"rendered":"<p>Nuty zapachowe: Nuta g\u0142owy: r\u00f3\u017cowy grejpfrut, malina, gruszka Nuta serca: fio\u0142ek, dzika r\u00f3\u017ca, kwiat jab\u0142oni, liczi, p\u0142atki ja\u015bminu Nuta bazy: pi\u017cmo, \u015bliwka, drzewo cedrowe<\/p>\n","protected":false},"featured_media":2382,"comment_status":"open","ping_status":"closed","template":"","meta":[],"product_cat":[20],"product_tag":[],"_links":{"self":[{"href":"https:\/\/chantallbutik.pl\/index.php\/wp-json\/wp\/v2\/product\/2446"}],"collection":[{"href":"https:\/\/chantallbutik.pl\/index.php\/wp-json\/wp\/v2\/product"}],"about":[{"href":"https:\/\/chantallbutik.pl\/index.php\/wp-json\/wp\/v2\/types\/product"}],"replies":[{"embeddable":true,"href":"https:\/\/chantallbutik.pl\/index.php\/wp-json\/wp\/v2\/comments?post=2446"}],"wp:featuredmedia":[{"embeddable":true,"href":"https:\/\/chantallbutik.pl\/index.php\/wp-json\/wp\/v2\/media\/2382"}],"wp:attachment":[{"href":"https:\/\/chantallbutik.pl\/index.php\/wp-json\/wp\/v2\/media?parent=2446"}],"wp:term":[{"taxonomy":"product_cat","embeddable":true,"href":"https:\/\/chantallbutik.pl\/index.php\/wp-json\/wp\/v2\/product_cat?post=2446"},{"taxonomy":"product_tag","embeddable":true,"href":"https:\/\/chantallbutik.pl\/index.php\/wp-json\/wp\/v2\/product_tag?post=2446"}],"curies":[{"name":"wp","href":"https:\/\/api.w.org\/{rel}","templated":true}]}}