{"id":2442,"date":"2024-05-29T19:03:49","date_gmt":"2024-05-29T17:03:49","guid":{"rendered":"http:\/\/chantallbutik.pl\/?post_type=product&#038;p=2442"},"modified":"2025-09-23T22:03:59","modified_gmt":"2025-09-23T20:03:59","slug":"100ml-11","status":"publish","type":"product","link":"https:\/\/chantallbutik.pl\/index.php\/product\/100ml-11\/","title":{"rendered":"Inspiracja PACO RABANNE PURE XS POUR HOMME100ml"},"content":{"rendered":"<p>Premiera: 2017 rok<\/p>\n<p>aromatyczno &#8211; przyprawowe perfumy dla m\u0119\u017cczyzn.<\/p>\n<p>&nbsp;<\/p>\n<p>Nuty zapachowe:<\/p>\n<p>&nbsp;<\/p>\n<p>nuta g\u0142owy: imbir, akord zieleni, tymianek, bergamotka i grejpfrut;<\/p>\n<p>nuta serca: wanilia, cynamon, sk\u00f3ra, likier i jab\u0142ko;<\/p>\n<p>nuta bazy: cedr, mirra, cukier, drewno kaszmirowe, paczula i nuty drzewne.<\/p>\n","protected":false},"excerpt":{"rendered":"<p>Premiera: 2017 rok aromatyczno &#8211; przyprawowe perfumy dla m\u0119\u017cczyzn. &nbsp; Nuty zapachowe: &nbsp; nuta g\u0142owy: imbir, akord zieleni, tymianek, bergamotka i grejpfrut; nuta serca: wanilia, cynamon, sk\u00f3ra, likier i jab\u0142ko; nuta bazy: cedr, mirra, cukier, drewno kaszmirowe, paczula i nuty drzewne.<\/p>\n","protected":false},"featured_media":2385,"comment_status":"open","ping_status":"closed","template":"","meta":[],"product_cat":[19],"product_tag":[],"_links":{"self":[{"href":"https:\/\/chantallbutik.pl\/index.php\/wp-json\/wp\/v2\/product\/2442"}],"collection":[{"href":"https:\/\/chantallbutik.pl\/index.php\/wp-json\/wp\/v2\/product"}],"about":[{"href":"https:\/\/chantallbutik.pl\/index.php\/wp-json\/wp\/v2\/types\/product"}],"replies":[{"embeddable":true,"href":"https:\/\/chantallbutik.pl\/index.php\/wp-json\/wp\/v2\/comments?post=2442"}],"wp:featuredmedia":[{"embeddable":true,"href":"https:\/\/chantallbutik.pl\/index.php\/wp-json\/wp\/v2\/media\/2385"}],"wp:attachment":[{"href":"https:\/\/chantallbutik.pl\/index.php\/wp-json\/wp\/v2\/media?parent=2442"}],"wp:term":[{"taxonomy":"product_cat","embeddable":true,"href":"https:\/\/chantallbutik.pl\/index.php\/wp-json\/wp\/v2\/product_cat?post=2442"},{"taxonomy":"product_tag","embeddable":true,"href":"https:\/\/chantallbutik.pl\/index.php\/wp-json\/wp\/v2\/product_tag?post=2442"}],"curies":[{"name":"wp","href":"https:\/\/api.w.org\/{rel}","templated":true}]}}