{"id":2428,"date":"2024-05-29T18:58:09","date_gmt":"2024-05-29T16:58:09","guid":{"rendered":"http:\/\/chantallbutik.pl\/?post_type=product&#038;p=2428"},"modified":"2025-09-23T22:04:00","modified_gmt":"2025-09-23T20:04:00","slug":"100ml-2","status":"publish","type":"product","link":"https:\/\/chantallbutik.pl\/index.php\/product\/100ml-2\/","title":{"rendered":"Inspiracja JUICY COUTURE VIVA LA JUICY 100ml"},"content":{"rendered":"<p>Premiera : 2008 rok<\/p>\n<p>&nbsp;<\/p>\n<p>Zapach kobieco\u015bci i rado\u015bci, orze\u017awiaj\u0105cy mix owocowo &#8211; kwiatowy.<\/p>\n<p>Nuty zapachowe:<\/p>\n<p>&nbsp;<\/p>\n<p>nuta g\u0142owy: dzikie jagody, mandarynka<\/p>\n<p>nuta serca: wiciokrzew, gardenia, ja\u015bmin<\/p>\n<p>nuta bazy: ambra, karmel, wanilia, drzewo sanda\u0142owe, pralinki<\/p>\n","protected":false},"excerpt":{"rendered":"<p>Premiera : 2008 rok &nbsp; Zapach kobieco\u015bci i rado\u015bci, orze\u017awiaj\u0105cy mix owocowo &#8211; kwiatowy. Nuty zapachowe: &nbsp; nuta g\u0142owy: dzikie jagody, mandarynka nuta serca: wiciokrzew, gardenia, ja\u015bmin nuta bazy: ambra, karmel, wanilia, drzewo sanda\u0142owe, pralinki<\/p>\n","protected":false},"featured_media":2397,"comment_status":"open","ping_status":"closed","template":"","meta":[],"product_cat":[20],"product_tag":[],"_links":{"self":[{"href":"https:\/\/chantallbutik.pl\/index.php\/wp-json\/wp\/v2\/product\/2428"}],"collection":[{"href":"https:\/\/chantallbutik.pl\/index.php\/wp-json\/wp\/v2\/product"}],"about":[{"href":"https:\/\/chantallbutik.pl\/index.php\/wp-json\/wp\/v2\/types\/product"}],"replies":[{"embeddable":true,"href":"https:\/\/chantallbutik.pl\/index.php\/wp-json\/wp\/v2\/comments?post=2428"}],"wp:featuredmedia":[{"embeddable":true,"href":"https:\/\/chantallbutik.pl\/index.php\/wp-json\/wp\/v2\/media\/2397"}],"wp:attachment":[{"href":"https:\/\/chantallbutik.pl\/index.php\/wp-json\/wp\/v2\/media?parent=2428"}],"wp:term":[{"taxonomy":"product_cat","embeddable":true,"href":"https:\/\/chantallbutik.pl\/index.php\/wp-json\/wp\/v2\/product_cat?post=2428"},{"taxonomy":"product_tag","embeddable":true,"href":"https:\/\/chantallbutik.pl\/index.php\/wp-json\/wp\/v2\/product_tag?post=2428"}],"curies":[{"name":"wp","href":"https:\/\/api.w.org\/{rel}","templated":true}]}}