{"id":2425,"date":"2024-05-29T18:57:19","date_gmt":"2024-05-29T16:57:19","guid":{"rendered":"http:\/\/chantallbutik.pl\/?post_type=product&#038;p=2425"},"modified":"2025-09-23T22:04:00","modified_gmt":"2025-09-23T20:04:00","slug":"100ml","status":"publish","type":"product","link":"https:\/\/chantallbutik.pl\/index.php\/product\/100ml\/","title":{"rendered":"Inspiracja ARIANA GRANDE SWEET LIKE CANDY 100ml"},"content":{"rendered":"<p>Premiera: 2016 rok<\/p>\n<p>Kwiatowo &#8211; owocowo &#8211; gourmand perfumy dla kobiet.<\/p>\n<p>&nbsp;<\/p>\n<p>Nuty zapachowe:<\/p>\n<p>&nbsp;<\/p>\n<p>nuta g\u0142owy: je\u017cyna, bergamotka i gruszka;<\/p>\n<p>&nbsp;<\/p>\n<p>nuta serca: czarna porzeczka, bita \u015bmietana, pianka marshmallow, ja\u015bmin, plumeria i wiciokrzew;<\/p>\n<p>&nbsp;<\/p>\n<p>nuta bazy: wanilia i drzewo kaszmirowe.<\/p>\n","protected":false},"excerpt":{"rendered":"<p>Premiera: 2016 rok Kwiatowo &#8211; owocowo &#8211; gourmand perfumy dla kobiet. &nbsp; Nuty zapachowe: &nbsp; nuta g\u0142owy: je\u017cyna, bergamotka i gruszka; &nbsp; nuta serca: czarna porzeczka, bita \u015bmietana, pianka marshmallow, ja\u015bmin, plumeria i wiciokrzew; &nbsp; nuta bazy: wanilia i drzewo kaszmirowe.<\/p>\n","protected":false},"featured_media":2399,"comment_status":"open","ping_status":"closed","template":"","meta":[],"product_cat":[20],"product_tag":[],"_links":{"self":[{"href":"https:\/\/chantallbutik.pl\/index.php\/wp-json\/wp\/v2\/product\/2425"}],"collection":[{"href":"https:\/\/chantallbutik.pl\/index.php\/wp-json\/wp\/v2\/product"}],"about":[{"href":"https:\/\/chantallbutik.pl\/index.php\/wp-json\/wp\/v2\/types\/product"}],"replies":[{"embeddable":true,"href":"https:\/\/chantallbutik.pl\/index.php\/wp-json\/wp\/v2\/comments?post=2425"}],"wp:featuredmedia":[{"embeddable":true,"href":"https:\/\/chantallbutik.pl\/index.php\/wp-json\/wp\/v2\/media\/2399"}],"wp:attachment":[{"href":"https:\/\/chantallbutik.pl\/index.php\/wp-json\/wp\/v2\/media?parent=2425"}],"wp:term":[{"taxonomy":"product_cat","embeddable":true,"href":"https:\/\/chantallbutik.pl\/index.php\/wp-json\/wp\/v2\/product_cat?post=2425"},{"taxonomy":"product_tag","embeddable":true,"href":"https:\/\/chantallbutik.pl\/index.php\/wp-json\/wp\/v2\/product_tag?post=2425"}],"curies":[{"name":"wp","href":"https:\/\/api.w.org\/{rel}","templated":true}]}}