{"id":2423,"date":"2024-05-29T18:55:46","date_gmt":"2024-05-29T16:55:46","guid":{"rendered":"http:\/\/chantallbutik.pl\/?post_type=product&#038;p=2423"},"modified":"2025-09-23T22:04:00","modified_gmt":"2025-09-23T20:04:00","slug":"50ml-2","status":"publish","type":"product","link":"https:\/\/chantallbutik.pl\/index.php\/product\/50ml-2\/","title":{"rendered":"Inspiracja BURBERRY MY BURBERRY WODA PERFUMOWANA 50ml"},"content":{"rendered":"<p>Premiera: 2014 rok<\/p>\n<p>kwiatowe perfumy dla kobiet.<\/p>\n<p>&nbsp;<\/p>\n<p>Nuty zapachowe:<\/p>\n<p>&nbsp;<\/p>\n<p>nuta g\u0142owy: groszek pachn\u0105cy, bergamotka, mandarynka, grejpfrut i cytryna<\/p>\n<p>nuta serca: geranium, frezja, pigwa, marakuja, brzoskwinia, nuty zielone i gardenia<\/p>\n<p>nuta bazy: paczula, r\u00f3\u017ca damasce\u0144ska, r\u00f3\u017ca, sk\u00f3ra, fio\u0142ek i pi\u017cmo<\/p>\n","protected":false},"excerpt":{"rendered":"<p>Premiera: 2014 rok kwiatowe perfumy dla kobiet. &nbsp; Nuty zapachowe: &nbsp; nuta g\u0142owy: groszek pachn\u0105cy, bergamotka, mandarynka, grejpfrut i cytryna nuta serca: geranium, frezja, pigwa, marakuja, brzoskwinia, nuty zielone i gardenia nuta bazy: paczula, r\u00f3\u017ca damasce\u0144ska, r\u00f3\u017ca, sk\u00f3ra, fio\u0142ek i pi\u017cmo<\/p>\n","protected":false},"featured_media":2401,"comment_status":"open","ping_status":"closed","template":"","meta":[],"product_cat":[20],"product_tag":[],"_links":{"self":[{"href":"https:\/\/chantallbutik.pl\/index.php\/wp-json\/wp\/v2\/product\/2423"}],"collection":[{"href":"https:\/\/chantallbutik.pl\/index.php\/wp-json\/wp\/v2\/product"}],"about":[{"href":"https:\/\/chantallbutik.pl\/index.php\/wp-json\/wp\/v2\/types\/product"}],"replies":[{"embeddable":true,"href":"https:\/\/chantallbutik.pl\/index.php\/wp-json\/wp\/v2\/comments?post=2423"}],"wp:featuredmedia":[{"embeddable":true,"href":"https:\/\/chantallbutik.pl\/index.php\/wp-json\/wp\/v2\/media\/2401"}],"wp:attachment":[{"href":"https:\/\/chantallbutik.pl\/index.php\/wp-json\/wp\/v2\/media?parent=2423"}],"wp:term":[{"taxonomy":"product_cat","embeddable":true,"href":"https:\/\/chantallbutik.pl\/index.php\/wp-json\/wp\/v2\/product_cat?post=2423"},{"taxonomy":"product_tag","embeddable":true,"href":"https:\/\/chantallbutik.pl\/index.php\/wp-json\/wp\/v2\/product_tag?post=2423"}],"curies":[{"name":"wp","href":"https:\/\/api.w.org\/{rel}","templated":true}]}}