{"id":2246,"date":"2024-05-28T18:51:21","date_gmt":"2024-05-28T16:51:21","guid":{"rendered":"http:\/\/chantallbutik.pl\/?post_type=product&#038;p=2246"},"modified":"2025-09-23T22:04:22","modified_gmt":"2025-09-23T20:04:22","slug":"inspiracja-lancome-idole-100ml","status":"publish","type":"product","link":"https:\/\/chantallbutik.pl\/index.php\/product\/inspiracja-lancome-idole-100ml\/","title":{"rendered":"Inspiracja Lancome Idole 100ml"},"content":{"rendered":"","protected":false},"excerpt":{"rendered":"<p>WODA PERFUMOWANA ! ! !<\/p>\n<p>Pojemno\u015b\u0107 100ml<\/p>\n<p><strong>Premiera:<\/strong> 2019 rok<\/p>\n<p>To szyprowo &#8211; kwiatowe perfumy dla kobiet.<\/p>\n<p><strong>Nuty zapachowe:<\/strong><\/p>\n<p>nuta g\u0142owy: bergamotka i gruszka;<\/p>\n<p>nuta serca: r\u00f3\u017ca turecka, r\u00f3\u017ca majowa i indyjski ja\u015bmin;<\/p>\n<p>nuta bazy: bia\u0142e pi\u017cmo i wanilia.<\/p>\n<p>Ciekawostka :<\/p>\n<p>Trzy ambitne kreatorki perfum z trzech kontynent\u00f3w stworzy\u0142y zapach, jakiego dot\u0105d nie by\u0142o: po\u0142\u0105czenie r\u00f3\u017cy i ja\u015bminu z czystym akordem szypru. Jest ho\u0142dem dla wszystkich pewnych siebie kobiet, kt\u00f3re z determinacj\u0105 realizuj\u0105 swoje marzenia. Zapach, kt\u00f3ry uwodzi i \u0142amie konwenanse.Idealnie sprawdzi si\u0119 w wiosenne dni.<\/p>\n","protected":false},"featured_media":2148,"comment_status":"open","ping_status":"closed","template":"","meta":[],"product_cat":[20],"product_tag":[],"_links":{"self":[{"href":"https:\/\/chantallbutik.pl\/index.php\/wp-json\/wp\/v2\/product\/2246"}],"collection":[{"href":"https:\/\/chantallbutik.pl\/index.php\/wp-json\/wp\/v2\/product"}],"about":[{"href":"https:\/\/chantallbutik.pl\/index.php\/wp-json\/wp\/v2\/types\/product"}],"replies":[{"embeddable":true,"href":"https:\/\/chantallbutik.pl\/index.php\/wp-json\/wp\/v2\/comments?post=2246"}],"wp:featuredmedia":[{"embeddable":true,"href":"https:\/\/chantallbutik.pl\/index.php\/wp-json\/wp\/v2\/media\/2148"}],"wp:attachment":[{"href":"https:\/\/chantallbutik.pl\/index.php\/wp-json\/wp\/v2\/media?parent=2246"}],"wp:term":[{"taxonomy":"product_cat","embeddable":true,"href":"https:\/\/chantallbutik.pl\/index.php\/wp-json\/wp\/v2\/product_cat?post=2246"},{"taxonomy":"product_tag","embeddable":true,"href":"https:\/\/chantallbutik.pl\/index.php\/wp-json\/wp\/v2\/product_tag?post=2246"}],"curies":[{"name":"wp","href":"https:\/\/api.w.org\/{rel}","templated":true}]}}