{"id":2233,"date":"2024-05-28T18:32:55","date_gmt":"2024-05-28T16:32:55","guid":{"rendered":"http:\/\/chantallbutik.pl\/?post_type=product&#038;p=2233"},"modified":"2025-09-25T17:14:04","modified_gmt":"2025-09-25T15:14:04","slug":"inspiracja-chanel-allure-homme-sport-100ml","status":"publish","type":"product","link":"https:\/\/chantallbutik.pl\/index.php\/product\/inspiracja-chanel-allure-homme-sport-100ml\/","title":{"rendered":"Inspiracja Chanel Allure Homme Sport 100ml"},"content":{"rendered":"","protected":false},"excerpt":{"rendered":"<p>WODA PERFUMOWANA ! ! !<\/p>\n<p>Pojemno\u015b\u0107 100ml<\/p>\n<div id=\"description\" class=\"tab-pane fade in active\" role=\"tabpanel\">\n<div class=\"product-description\">\n<p><strong>Premiera: <\/strong>2004 rok<\/p>\n<p>To drzewno &#8211; przyprawowe perfumy dla m\u0119\u017cczyzn.<\/p>\n<p><strong>Nuty zapachowe:<br \/>\n<\/strong><\/p>\n<p>nuta g\u0142owy: aldehydy, pomara\u0144cza, czerwona mandarynka i nuty morskie<br \/>\nnuta serca: pieprz, neroli i cedr<br \/>\nnuta bazy: fasolka tonka, ambra, wanilia, wetyweria, bia\u0142e pi\u017cmo i \u017cywica elemi<\/p>\n<\/div>\n<\/div>\n","protected":false},"featured_media":2093,"comment_status":"open","ping_status":"closed","template":"","meta":[],"product_cat":[19],"product_tag":[],"_links":{"self":[{"href":"https:\/\/chantallbutik.pl\/index.php\/wp-json\/wp\/v2\/product\/2233"}],"collection":[{"href":"https:\/\/chantallbutik.pl\/index.php\/wp-json\/wp\/v2\/product"}],"about":[{"href":"https:\/\/chantallbutik.pl\/index.php\/wp-json\/wp\/v2\/types\/product"}],"replies":[{"embeddable":true,"href":"https:\/\/chantallbutik.pl\/index.php\/wp-json\/wp\/v2\/comments?post=2233"}],"wp:featuredmedia":[{"embeddable":true,"href":"https:\/\/chantallbutik.pl\/index.php\/wp-json\/wp\/v2\/media\/2093"}],"wp:attachment":[{"href":"https:\/\/chantallbutik.pl\/index.php\/wp-json\/wp\/v2\/media?parent=2233"}],"wp:term":[{"taxonomy":"product_cat","embeddable":true,"href":"https:\/\/chantallbutik.pl\/index.php\/wp-json\/wp\/v2\/product_cat?post=2233"},{"taxonomy":"product_tag","embeddable":true,"href":"https:\/\/chantallbutik.pl\/index.php\/wp-json\/wp\/v2\/product_tag?post=2233"}],"curies":[{"name":"wp","href":"https:\/\/api.w.org\/{rel}","templated":true}]}}