{"id":2231,"date":"2024-05-28T18:30:09","date_gmt":"2024-05-28T16:30:09","guid":{"rendered":"http:\/\/chantallbutik.pl\/?post_type=product&#038;p=2231"},"modified":"2025-09-23T22:04:44","modified_gmt":"2025-09-23T20:04:44","slug":"inspiracja-chanel-bleu-de-chanel-100ml","status":"publish","type":"product","link":"https:\/\/chantallbutik.pl\/index.php\/product\/inspiracja-chanel-bleu-de-chanel-100ml\/","title":{"rendered":"Inspiracja Chanel Bleu de Chanel 100ml"},"content":{"rendered":"","protected":false},"excerpt":{"rendered":"<p>WODA PERFUMOWANA ! ! !<\/p>\n<p>Pojemno\u015b\u0107 100ml<\/p>\n<div id=\"description\" class=\"tab-pane fade in active\" role=\"tabpanel\">\n<div class=\"product-description\">\n<p><strong>Premiera: <\/strong>2010 rok<\/p>\n<p>To drzewno &#8211; aromatyczne perfumy dla m\u0119\u017cczyzn.<\/p>\n<p><strong>Nuty zapachowe:<br \/>\n<\/strong><\/p>\n<p>Perfumy zawieraj\u0105 takie sk\u0142adniki, jak labdanum, ga\u0142ka muszkato\u0142owa, imbir, drzewo sanda\u0142owe, paczula, mi\u0119ta, ja\u015bmin, grejpfrut, cytryna, wetyweria, kadzid\u0142o, cedr i r\u00f3\u017cowy pieprz.<\/p>\n<\/div>\n<\/div>\n","protected":false},"featured_media":2103,"comment_status":"open","ping_status":"closed","template":"","meta":[],"product_cat":[19],"product_tag":[],"_links":{"self":[{"href":"https:\/\/chantallbutik.pl\/index.php\/wp-json\/wp\/v2\/product\/2231"}],"collection":[{"href":"https:\/\/chantallbutik.pl\/index.php\/wp-json\/wp\/v2\/product"}],"about":[{"href":"https:\/\/chantallbutik.pl\/index.php\/wp-json\/wp\/v2\/types\/product"}],"replies":[{"embeddable":true,"href":"https:\/\/chantallbutik.pl\/index.php\/wp-json\/wp\/v2\/comments?post=2231"}],"wp:featuredmedia":[{"embeddable":true,"href":"https:\/\/chantallbutik.pl\/index.php\/wp-json\/wp\/v2\/media\/2103"}],"wp:attachment":[{"href":"https:\/\/chantallbutik.pl\/index.php\/wp-json\/wp\/v2\/media?parent=2231"}],"wp:term":[{"taxonomy":"product_cat","embeddable":true,"href":"https:\/\/chantallbutik.pl\/index.php\/wp-json\/wp\/v2\/product_cat?post=2231"},{"taxonomy":"product_tag","embeddable":true,"href":"https:\/\/chantallbutik.pl\/index.php\/wp-json\/wp\/v2\/product_tag?post=2231"}],"curies":[{"name":"wp","href":"https:\/\/api.w.org\/{rel}","templated":true}]}}