{"id":2211,"date":"2024-05-28T17:54:21","date_gmt":"2024-05-28T15:54:21","guid":{"rendered":"http:\/\/chantallbutik.pl\/?post_type=product&#038;p=2211"},"modified":"2025-09-23T22:05:07","modified_gmt":"2025-09-23T20:05:07","slug":"inspiracja-dior-hypnotic-poison-girl-100ml","status":"publish","type":"product","link":"https:\/\/chantallbutik.pl\/index.php\/product\/inspiracja-dior-hypnotic-poison-girl-100ml\/","title":{"rendered":"Inspiracja Dior Hypnotic Poison Girl 100ml"},"content":{"rendered":"","protected":false},"excerpt":{"rendered":"<p>WODA PERFUMOWANA ! ! !<\/p>\n<p>Pojemno\u015b\u0107 100ml<\/p>\n<p>To buntownicza symfonia aromat\u00f3w dla nowoczesnej kobiety.<\/p>\n<p>Nuty zapachowe to:<\/p>\n<p>Nuta g\u0142owy: gorzka pomara\u0144cza<\/p>\n<p>Nuta serca: r\u00f3\u017ca damasce\u0144ska i r\u00f3\u017ca z Grasse<\/p>\n<p>Nuta bazy: fasolka tonka, drzewo sanda\u0142owe, wanilia, migda\u0142 i balsam tolu.<\/p>\n<p>&nbsp;<\/p>\n","protected":false},"featured_media":2133,"comment_status":"open","ping_status":"closed","template":"","meta":[],"product_cat":[20],"product_tag":[],"_links":{"self":[{"href":"https:\/\/chantallbutik.pl\/index.php\/wp-json\/wp\/v2\/product\/2211"}],"collection":[{"href":"https:\/\/chantallbutik.pl\/index.php\/wp-json\/wp\/v2\/product"}],"about":[{"href":"https:\/\/chantallbutik.pl\/index.php\/wp-json\/wp\/v2\/types\/product"}],"replies":[{"embeddable":true,"href":"https:\/\/chantallbutik.pl\/index.php\/wp-json\/wp\/v2\/comments?post=2211"}],"wp:featuredmedia":[{"embeddable":true,"href":"https:\/\/chantallbutik.pl\/index.php\/wp-json\/wp\/v2\/media\/2133"}],"wp:attachment":[{"href":"https:\/\/chantallbutik.pl\/index.php\/wp-json\/wp\/v2\/media?parent=2211"}],"wp:term":[{"taxonomy":"product_cat","embeddable":true,"href":"https:\/\/chantallbutik.pl\/index.php\/wp-json\/wp\/v2\/product_cat?post=2211"},{"taxonomy":"product_tag","embeddable":true,"href":"https:\/\/chantallbutik.pl\/index.php\/wp-json\/wp\/v2\/product_tag?post=2211"}],"curies":[{"name":"wp","href":"https:\/\/api.w.org\/{rel}","templated":true}]}}