{"id":2184,"date":"2024-05-28T17:00:56","date_gmt":"2024-05-28T15:00:56","guid":{"rendered":"http:\/\/chantallbutik.pl\/?post_type=product&#038;p=2184"},"modified":"2025-09-23T22:05:44","modified_gmt":"2025-09-23T20:05:44","slug":"inspiracja-christian-dior-addict-100ml","status":"publish","type":"product","link":"https:\/\/chantallbutik.pl\/index.php\/product\/inspiracja-christian-dior-addict-100ml\/","title":{"rendered":"Inspiracja Christian Dior Addict 100ml"},"content":{"rendered":"","protected":false},"excerpt":{"rendered":"<p>WODA PERFUMOWANA ! ! !<\/p>\n<p>Pojemno\u015b\u0107 100ml<\/p>\n<div id=\"description\" class=\"tab-pane fade in active\" role=\"tabpanel\">\n<div class=\"product-description\">\n<p><strong>Premiera<\/strong>: 2014 rok<\/p>\n<p>To orientalno &#8211; kwiatowe perfumy dla kobiet.<\/p>\n<p><strong>Nuty zapachowe<\/strong>:<\/p>\n<p>nuta g\u0142owy: li\u015b\u0107 mandarynki i kwiat pomara\u0144czy;<\/p>\n<p>nuta serca: ja\u015bmin wielkolistny;<\/p>\n<p>nuta bazy: wanilia bourbon.<\/p>\n<\/div>\n<\/div>\n","protected":false},"featured_media":2089,"comment_status":"open","ping_status":"closed","template":"","meta":[],"product_cat":[20],"product_tag":[],"_links":{"self":[{"href":"https:\/\/chantallbutik.pl\/index.php\/wp-json\/wp\/v2\/product\/2184"}],"collection":[{"href":"https:\/\/chantallbutik.pl\/index.php\/wp-json\/wp\/v2\/product"}],"about":[{"href":"https:\/\/chantallbutik.pl\/index.php\/wp-json\/wp\/v2\/types\/product"}],"replies":[{"embeddable":true,"href":"https:\/\/chantallbutik.pl\/index.php\/wp-json\/wp\/v2\/comments?post=2184"}],"wp:featuredmedia":[{"embeddable":true,"href":"https:\/\/chantallbutik.pl\/index.php\/wp-json\/wp\/v2\/media\/2089"}],"wp:attachment":[{"href":"https:\/\/chantallbutik.pl\/index.php\/wp-json\/wp\/v2\/media?parent=2184"}],"wp:term":[{"taxonomy":"product_cat","embeddable":true,"href":"https:\/\/chantallbutik.pl\/index.php\/wp-json\/wp\/v2\/product_cat?post=2184"},{"taxonomy":"product_tag","embeddable":true,"href":"https:\/\/chantallbutik.pl\/index.php\/wp-json\/wp\/v2\/product_tag?post=2184"}],"curies":[{"name":"wp","href":"https:\/\/api.w.org\/{rel}","templated":true}]}}