{"id":2080,"date":"2024-05-27T20:30:29","date_gmt":"2024-05-27T18:30:29","guid":{"rendered":"http:\/\/chantallbutik.pl\/?post_type=product&#038;p=2080"},"modified":"2025-09-23T22:06:05","modified_gmt":"2025-09-23T20:06:05","slug":"inspiracja-chanel-chance-eau-fraiche-100ml","status":"publish","type":"product","link":"https:\/\/chantallbutik.pl\/index.php\/product\/inspiracja-chanel-chance-eau-fraiche-100ml\/","title":{"rendered":"Inspiracja Chanel Chance Eau Fraiche 100ml"},"content":{"rendered":"","protected":false},"excerpt":{"rendered":"<p>WODA PERFUMOWANA ! ! !<\/p>\n<p>Pojemno\u015b\u0107 100ml<\/p>\n<div id=\"description\" class=\"tab-pane fade in active\" role=\"tabpanel\">\n<div class=\"product-description\">\n<p><strong>Premiera:<\/strong> 2007 rok<\/p>\n<p>To szyprowo &#8211; kwiatowe perfumy dla kobiet.<\/p>\n<p><strong>Nuty zapachowe:<\/strong><\/p>\n<p>nuta g\u0142owy: cytryna i cedr;<br \/>\nnuta serca: r\u00f3\u017cowy pieprz, hiacynt wodny i ja\u015bmin;<br \/>\nnuta bazy: drzewo tekowe, irys, ambra, paczula, wetyweria i bia\u0142e pi\u017cmo.<\/p>\n<\/div>\n<\/div>\n","protected":false},"featured_media":2015,"comment_status":"open","ping_status":"closed","template":"","meta":[],"product_cat":[20],"product_tag":[],"_links":{"self":[{"href":"https:\/\/chantallbutik.pl\/index.php\/wp-json\/wp\/v2\/product\/2080"}],"collection":[{"href":"https:\/\/chantallbutik.pl\/index.php\/wp-json\/wp\/v2\/product"}],"about":[{"href":"https:\/\/chantallbutik.pl\/index.php\/wp-json\/wp\/v2\/types\/product"}],"replies":[{"embeddable":true,"href":"https:\/\/chantallbutik.pl\/index.php\/wp-json\/wp\/v2\/comments?post=2080"}],"wp:featuredmedia":[{"embeddable":true,"href":"https:\/\/chantallbutik.pl\/index.php\/wp-json\/wp\/v2\/media\/2015"}],"wp:attachment":[{"href":"https:\/\/chantallbutik.pl\/index.php\/wp-json\/wp\/v2\/media?parent=2080"}],"wp:term":[{"taxonomy":"product_cat","embeddable":true,"href":"https:\/\/chantallbutik.pl\/index.php\/wp-json\/wp\/v2\/product_cat?post=2080"},{"taxonomy":"product_tag","embeddable":true,"href":"https:\/\/chantallbutik.pl\/index.php\/wp-json\/wp\/v2\/product_tag?post=2080"}],"curies":[{"name":"wp","href":"https:\/\/api.w.org\/{rel}","templated":true}]}}