{"id":2077,"date":"2024-05-27T20:24:42","date_gmt":"2024-05-27T18:24:42","guid":{"rendered":"http:\/\/chantallbutik.pl\/?post_type=product&#038;p=2077"},"modified":"2025-09-23T22:06:05","modified_gmt":"2025-09-23T20:06:05","slug":"inspiracja-chanel-egoiste-platinum-100ml","status":"publish","type":"product","link":"https:\/\/chantallbutik.pl\/index.php\/product\/inspiracja-chanel-egoiste-platinum-100ml\/","title":{"rendered":"Inspiracja Chanel Egoiste Platinum 100ml"},"content":{"rendered":"","protected":false},"excerpt":{"rendered":"<p>WODA PERFUMOWANA ! ! !<\/p>\n<p>Pojemno\u015b\u0107 100ml<\/p>\n<div id=\"description\" class=\"tab-pane fade in active\" role=\"tabpanel\">\n<div class=\"product-description\">\n<p><strong>Premiera:<\/strong> 1993 rok<\/p>\n<p>To drzewno &#8211; kwiatowo &#8211; pi\u017cmowe perfumy dla m\u0119\u017cczyzn.<\/p>\n<p><strong>Nuty zapachowe:<\/strong><\/p>\n<p>nuta g\u0142owy: rozmaryn, lawenda, neroli i petitgrain<br \/>\nnuta serca: galbanum, sza\u0142wia muszkato\u0142owa, ja\u015bmin i geranium<br \/>\nnuta bazy: ambra, drzewo sanda\u0142owe, mech d\u0119bowy, wetyweria i cedr<\/p>\n<\/div>\n<\/div>\n","protected":false},"featured_media":2038,"comment_status":"open","ping_status":"closed","template":"","meta":[],"product_cat":[19],"product_tag":[],"_links":{"self":[{"href":"https:\/\/chantallbutik.pl\/index.php\/wp-json\/wp\/v2\/product\/2077"}],"collection":[{"href":"https:\/\/chantallbutik.pl\/index.php\/wp-json\/wp\/v2\/product"}],"about":[{"href":"https:\/\/chantallbutik.pl\/index.php\/wp-json\/wp\/v2\/types\/product"}],"replies":[{"embeddable":true,"href":"https:\/\/chantallbutik.pl\/index.php\/wp-json\/wp\/v2\/comments?post=2077"}],"wp:featuredmedia":[{"embeddable":true,"href":"https:\/\/chantallbutik.pl\/index.php\/wp-json\/wp\/v2\/media\/2038"}],"wp:attachment":[{"href":"https:\/\/chantallbutik.pl\/index.php\/wp-json\/wp\/v2\/media?parent=2077"}],"wp:term":[{"taxonomy":"product_cat","embeddable":true,"href":"https:\/\/chantallbutik.pl\/index.php\/wp-json\/wp\/v2\/product_cat?post=2077"},{"taxonomy":"product_tag","embeddable":true,"href":"https:\/\/chantallbutik.pl\/index.php\/wp-json\/wp\/v2\/product_tag?post=2077"}],"curies":[{"name":"wp","href":"https:\/\/api.w.org\/{rel}","templated":true}]}}