{"id":2065,"date":"2024-05-27T19:32:35","date_gmt":"2024-05-27T17:32:35","guid":{"rendered":"http:\/\/chantallbutik.pl\/?post_type=product&#038;p=2065"},"modified":"2025-09-23T22:06:24","modified_gmt":"2025-09-23T20:06:24","slug":"inspiracja-christian-dior-dioriviera-100ml","status":"publish","type":"product","link":"https:\/\/chantallbutik.pl\/index.php\/product\/inspiracja-christian-dior-dioriviera-100ml\/","title":{"rendered":"Inspiracja Christian Dior Dioriviera 100ml"},"content":{"rendered":"","protected":false},"excerpt":{"rendered":"<p>WODA PERFUMOWANA ! ! !<\/p>\n<p>Pojemno\u015b\u0107 100ml<\/p>\n<p><strong>T<\/strong>o kwiatowo-owocowa kompozycja dla pa\u0144 i pan\u00f3w z 2023 roku.<\/p>\n<p>Najnowsze perfumy dla kobiet i m\u0119\u017cczyzn, kt\u00f3re tworz\u0105 balans pomi\u0119dzy \u015bwie\u017co\u015bci\u0105 i pozytywn\u0105 energi\u0105 a g\u0142\u0119bi\u0105 i finezj\u0105 p\u0142yn\u0105c\u0105 z wyj\u0105tkowych nut kwiatowych oraz owocowych. To kompozycja zapachowa , kt\u00f3ra skierowana jest do kobiet niezale\u017cnych i wyrafinowanych, jak r\u00f3wnie\u017c m\u0119\u017cczyzn pe\u0142nych naturalnego wdzi\u0119ku i charyzmy. Zapach polecany jest do noszenia na co dzie\u0144, g\u0142\u00f3wnie w sezonie wiosennym i letnim.<\/p>\n<h3><strong>Nuty zapachowe:<\/strong><\/h3>\n<p>Nuty zielone, figa, r\u00f3\u017ca.<\/p>\n<p>&nbsp;<\/p>\n","protected":false},"featured_media":2022,"comment_status":"open","ping_status":"closed","template":"","meta":[],"product_cat":[20],"product_tag":[],"_links":{"self":[{"href":"https:\/\/chantallbutik.pl\/index.php\/wp-json\/wp\/v2\/product\/2065"}],"collection":[{"href":"https:\/\/chantallbutik.pl\/index.php\/wp-json\/wp\/v2\/product"}],"about":[{"href":"https:\/\/chantallbutik.pl\/index.php\/wp-json\/wp\/v2\/types\/product"}],"replies":[{"embeddable":true,"href":"https:\/\/chantallbutik.pl\/index.php\/wp-json\/wp\/v2\/comments?post=2065"}],"wp:featuredmedia":[{"embeddable":true,"href":"https:\/\/chantallbutik.pl\/index.php\/wp-json\/wp\/v2\/media\/2022"}],"wp:attachment":[{"href":"https:\/\/chantallbutik.pl\/index.php\/wp-json\/wp\/v2\/media?parent=2065"}],"wp:term":[{"taxonomy":"product_cat","embeddable":true,"href":"https:\/\/chantallbutik.pl\/index.php\/wp-json\/wp\/v2\/product_cat?post=2065"},{"taxonomy":"product_tag","embeddable":true,"href":"https:\/\/chantallbutik.pl\/index.php\/wp-json\/wp\/v2\/product_tag?post=2065"}],"curies":[{"name":"wp","href":"https:\/\/api.w.org\/{rel}","templated":true}]}}