{"id":2003,"date":"2024-05-27T17:36:28","date_gmt":"2024-05-27T15:36:28","guid":{"rendered":"http:\/\/chantallbutik.pl\/?post_type=product&#038;p=2003"},"modified":"2025-09-23T22:06:45","modified_gmt":"2025-09-23T20:06:45","slug":"inspiracja-giorgio-armani-si-passione-eclat-100ml","status":"publish","type":"product","link":"https:\/\/chantallbutik.pl\/index.php\/product\/inspiracja-giorgio-armani-si-passione-eclat-100ml\/","title":{"rendered":"Inspiracja Giorgio Armani Si Passione Eclat 100ml"},"content":{"rendered":"","protected":false},"excerpt":{"rendered":"<p>WODA PERFUMOWANA ! ! !<\/p>\n<p>Pojemno\u015b\u0107 100ml<\/p>\n<p>To kwiatowo &#8211; owocowe perfumy dla kobiet, kt\u00f3rych premiera odby\u0142a si\u0119 w 2022 roku.<\/p>\n<p><strong>Nuty zapachowe:<\/strong><\/p>\n<p>nuty g\u0142owy:\u00a0czarna porzeczka i kalabryjska bergamotka;<br \/>\nnuty serca:\u00a0r\u00f3\u017ca majowa i r\u00f3\u017ca damasce\u0144ska;<br \/>\nnuty bazy:\u00a0bia\u0142e pi\u017cmo i madagaskarska wanilia.<\/p>\n","protected":false},"featured_media":1972,"comment_status":"open","ping_status":"closed","template":"","meta":[],"product_cat":[20],"product_tag":[],"_links":{"self":[{"href":"https:\/\/chantallbutik.pl\/index.php\/wp-json\/wp\/v2\/product\/2003"}],"collection":[{"href":"https:\/\/chantallbutik.pl\/index.php\/wp-json\/wp\/v2\/product"}],"about":[{"href":"https:\/\/chantallbutik.pl\/index.php\/wp-json\/wp\/v2\/types\/product"}],"replies":[{"embeddable":true,"href":"https:\/\/chantallbutik.pl\/index.php\/wp-json\/wp\/v2\/comments?post=2003"}],"wp:featuredmedia":[{"embeddable":true,"href":"https:\/\/chantallbutik.pl\/index.php\/wp-json\/wp\/v2\/media\/1972"}],"wp:attachment":[{"href":"https:\/\/chantallbutik.pl\/index.php\/wp-json\/wp\/v2\/media?parent=2003"}],"wp:term":[{"taxonomy":"product_cat","embeddable":true,"href":"https:\/\/chantallbutik.pl\/index.php\/wp-json\/wp\/v2\/product_cat?post=2003"},{"taxonomy":"product_tag","embeddable":true,"href":"https:\/\/chantallbutik.pl\/index.php\/wp-json\/wp\/v2\/product_tag?post=2003"}],"curies":[{"name":"wp","href":"https:\/\/api.w.org\/{rel}","templated":true}]}}