{"id":2002,"date":"2024-05-27T17:34:20","date_gmt":"2024-05-27T15:34:20","guid":{"rendered":"http:\/\/chantallbutik.pl\/?post_type=product&#038;p=2002"},"modified":"2025-09-23T22:06:45","modified_gmt":"2025-09-23T20:06:45","slug":"inspiracja-armani-si-white-limited-edition-100ml","status":"publish","type":"product","link":"https:\/\/chantallbutik.pl\/index.php\/product\/inspiracja-armani-si-white-limited-edition-100ml\/","title":{"rendered":"Inspiracja Armani Si White Limited Edition 100ml"},"content":{"rendered":"","protected":false},"excerpt":{"rendered":"<p>WODA PERFUMOWANA ! ! !<\/p>\n<p>Pojemno\u015b\u0107 100ml<\/p>\n<p>W otwarciu\u00a0 dominuje soczysta czarna porzeczka, kt\u00f3ra nadaje zapachowi \u015bwie\u017co\u015bci i energii. To jak pierwszy krok w niezwyk\u0142ej podr\u00f3\u017cy zapachowej, kt\u00f3ra przyci\u0105ga uwag\u0119 swoj\u0105 wyj\u0105tkow\u0105 intensywno\u015bci\u0105.<\/p>\n<p>W sercu kompozycji rozwija si\u0119 esencja r\u00f3\u017c, otulaj\u0105ca nosz\u0105c\u0105 je osob\u0119 swoj\u0105 delikatno\u015bci\u0105 i kobiec\u0105 s\u0142odycz\u0105. To zaproszenie do zmys\u0142owej podr\u00f3\u017cy poprzez bukiet kwiat\u00f3w, kt\u00f3ry wype\u0142nia zmys\u0142y swoj\u0105 bogactwem i subtelno\u015bci\u0105.<\/p>\n<p>W bazie perfum wybrzmiewaj\u0105 nuty wanilii i pi\u017cma, kt\u00f3re nadaj\u0105 kompozycji trwa\u0142o\u015bci i g\u0142\u0119bi. To w tych ciep\u0142ych, subtelnych akordach kryje si\u0119 si\u0142a i wyj\u0105tkowo\u015b\u0107 zapachu.<\/p>\n","protected":false},"featured_media":1973,"comment_status":"open","ping_status":"closed","template":"","meta":[],"product_cat":[20],"product_tag":[],"_links":{"self":[{"href":"https:\/\/chantallbutik.pl\/index.php\/wp-json\/wp\/v2\/product\/2002"}],"collection":[{"href":"https:\/\/chantallbutik.pl\/index.php\/wp-json\/wp\/v2\/product"}],"about":[{"href":"https:\/\/chantallbutik.pl\/index.php\/wp-json\/wp\/v2\/types\/product"}],"replies":[{"embeddable":true,"href":"https:\/\/chantallbutik.pl\/index.php\/wp-json\/wp\/v2\/comments?post=2002"}],"wp:featuredmedia":[{"embeddable":true,"href":"https:\/\/chantallbutik.pl\/index.php\/wp-json\/wp\/v2\/media\/1973"}],"wp:attachment":[{"href":"https:\/\/chantallbutik.pl\/index.php\/wp-json\/wp\/v2\/media?parent=2002"}],"wp:term":[{"taxonomy":"product_cat","embeddable":true,"href":"https:\/\/chantallbutik.pl\/index.php\/wp-json\/wp\/v2\/product_cat?post=2002"},{"taxonomy":"product_tag","embeddable":true,"href":"https:\/\/chantallbutik.pl\/index.php\/wp-json\/wp\/v2\/product_tag?post=2002"}],"curies":[{"name":"wp","href":"https:\/\/api.w.org\/{rel}","templated":true}]}}