{"id":1988,"date":"2024-05-27T17:09:10","date_gmt":"2024-05-27T15:09:10","guid":{"rendered":"http:\/\/chantallbutik.pl\/?post_type=product&#038;p=1988"},"modified":"2025-09-23T22:07:04","modified_gmt":"2025-09-23T20:07:04","slug":"inspiracja-valentino-voce-viva-100ml","status":"publish","type":"product","link":"https:\/\/chantallbutik.pl\/index.php\/product\/inspiracja-valentino-voce-viva-100ml\/","title":{"rendered":"Inspiracja Valentino Voce Viva 100ml"},"content":{"rendered":"","protected":false},"excerpt":{"rendered":"<p>WODA PERFUMOWANA ! ! !<\/p>\n<p>Pojemno\u015b\u0107 100ml<\/p>\n<div id=\"description\" class=\"tab-pane fade in active\" role=\"tabpanel\">\n<div class=\"product-description\">\n<p class=\"western\"><b>Premiera:<\/b> 2020 rok<\/p>\n<p class=\"western\"><b>Nuty zapachowe:<\/b><\/p>\n<p class=\"western\">nuta g\u0142owy: Mandarynka, Bergamotka i Imbir;<\/p>\n<p class=\"western\">nuta serca: Kwiat pomara\u0144czy i Gardenia;<\/p>\n<p class=\"western\">nuta bazy: Wanilia, Fasolka tonka, Pi\u017cmo, Drzewo sanda\u0142owe i Mech d\u0119bowy<\/p>\n<\/div>\n<\/div>\n","protected":false},"featured_media":1977,"comment_status":"open","ping_status":"closed","template":"","meta":[],"product_cat":[20],"product_tag":[],"_links":{"self":[{"href":"https:\/\/chantallbutik.pl\/index.php\/wp-json\/wp\/v2\/product\/1988"}],"collection":[{"href":"https:\/\/chantallbutik.pl\/index.php\/wp-json\/wp\/v2\/product"}],"about":[{"href":"https:\/\/chantallbutik.pl\/index.php\/wp-json\/wp\/v2\/types\/product"}],"replies":[{"embeddable":true,"href":"https:\/\/chantallbutik.pl\/index.php\/wp-json\/wp\/v2\/comments?post=1988"}],"wp:featuredmedia":[{"embeddable":true,"href":"https:\/\/chantallbutik.pl\/index.php\/wp-json\/wp\/v2\/media\/1977"}],"wp:attachment":[{"href":"https:\/\/chantallbutik.pl\/index.php\/wp-json\/wp\/v2\/media?parent=1988"}],"wp:term":[{"taxonomy":"product_cat","embeddable":true,"href":"https:\/\/chantallbutik.pl\/index.php\/wp-json\/wp\/v2\/product_cat?post=1988"},{"taxonomy":"product_tag","embeddable":true,"href":"https:\/\/chantallbutik.pl\/index.php\/wp-json\/wp\/v2\/product_tag?post=1988"}],"curies":[{"name":"wp","href":"https:\/\/api.w.org\/{rel}","templated":true}]}}