{"id":1985,"date":"2024-05-27T17:04:29","date_gmt":"2024-05-27T15:04:29","guid":{"rendered":"http:\/\/chantallbutik.pl\/?post_type=product&#038;p=1985"},"modified":"2025-09-23T22:07:04","modified_gmt":"2025-09-23T20:07:04","slug":"inspieracja-tom-forda-rose-prick-100ml","status":"publish","type":"product","link":"https:\/\/chantallbutik.pl\/index.php\/product\/inspieracja-tom-forda-rose-prick-100ml\/","title":{"rendered":"Inspieracja Tom Forda Rose Prick 100ml"},"content":{"rendered":"","protected":false},"excerpt":{"rendered":"<p>WODA PERFUMOWANA ! ! !<\/p>\n<p>Pojemno\u015b\u0107 100ml<\/p>\n<div id=\"description\" class=\"tab-pane fade in active\" role=\"tabpanel\">\n<div class=\"product-description\">\n<p><b>Premiera: <\/b>2020 rok<\/p>\n<p>Rose Prick marki Tom Ford to szyprowo &#8211; kwiatowe perfumy dla kobiet i m\u0119\u017cczyzn.<\/p>\n<p><strong>Nuty zapachowe:<\/strong><\/p>\n<p>nuta g\u0142owy: Pieprz syczua\u0144ski i Ostry\u017c;<\/p>\n<p>nuta serca: R\u00f3\u017ca majowa, R\u00f3\u017ca bu\u0142garska i R\u00f3\u017ca turecka;<\/p>\n<p>nuta bazy: Paczula i Fasolka tonka.<\/p>\n<\/div>\n<\/div>\n","protected":false},"featured_media":1971,"comment_status":"open","ping_status":"closed","template":"","meta":[],"product_cat":[20],"product_tag":[],"_links":{"self":[{"href":"https:\/\/chantallbutik.pl\/index.php\/wp-json\/wp\/v2\/product\/1985"}],"collection":[{"href":"https:\/\/chantallbutik.pl\/index.php\/wp-json\/wp\/v2\/product"}],"about":[{"href":"https:\/\/chantallbutik.pl\/index.php\/wp-json\/wp\/v2\/types\/product"}],"replies":[{"embeddable":true,"href":"https:\/\/chantallbutik.pl\/index.php\/wp-json\/wp\/v2\/comments?post=1985"}],"wp:featuredmedia":[{"embeddable":true,"href":"https:\/\/chantallbutik.pl\/index.php\/wp-json\/wp\/v2\/media\/1971"}],"wp:attachment":[{"href":"https:\/\/chantallbutik.pl\/index.php\/wp-json\/wp\/v2\/media?parent=1985"}],"wp:term":[{"taxonomy":"product_cat","embeddable":true,"href":"https:\/\/chantallbutik.pl\/index.php\/wp-json\/wp\/v2\/product_cat?post=1985"},{"taxonomy":"product_tag","embeddable":true,"href":"https:\/\/chantallbutik.pl\/index.php\/wp-json\/wp\/v2\/product_tag?post=1985"}],"curies":[{"name":"wp","href":"https:\/\/api.w.org\/{rel}","templated":true}]}}