{"id":2588,"date":"2024-05-29T20:07:15","date_gmt":"2024-05-29T18:07:15","guid":{"rendered":"http:\/\/chantallbutik.pl\/?post_type=product&#038;p=2588"},"modified":"2025-09-23T21:54:47","modified_gmt":"2025-09-23T19:54:47","slug":"100ml-81","status":"publish","type":"product","link":"http:\/\/chantallbutik.pl\/index.php\/product\/100ml-81\/","title":{"rendered":"Inspiracja Giorgio Armani Emporio Stronger With You Intensely 100ml"},"content":{"rendered":"","protected":false},"excerpt":{"rendered":"<p>Pojemno\u015b\u0107 100ml<\/p>\n<div id=\"description\" class=\"tab-pane fade in active\" role=\"tabpanel\">\n<div class=\"product-description\">\n<p><b>Premiera: <\/b>2019 rok<\/p>\n<p>To orientalno &#8211; fougere perfumy dla m\u0119\u017cczyzn.<\/p>\n<p><strong>Nuty zapachowe:<\/strong><\/p>\n<p>nuta g\u0142owy: r\u00f3\u017cowy pieprz, ja\u0142owiec i fio\u0142ek;<\/p>\n<p>nuta serca: lawenda, sza\u0142wia, toffee i cynamon;<\/p>\n<p>nuta bazy: bursztyn, fasolka tonka, wanilia i zamsz.<\/p>\n<\/div>\n<\/div>\n","protected":false},"featured_media":2265,"comment_status":"open","ping_status":"closed","template":"","meta":[],"product_cat":[19],"product_tag":[],"_links":{"self":[{"href":"http:\/\/chantallbutik.pl\/index.php\/wp-json\/wp\/v2\/product\/2588"}],"collection":[{"href":"http:\/\/chantallbutik.pl\/index.php\/wp-json\/wp\/v2\/product"}],"about":[{"href":"http:\/\/chantallbutik.pl\/index.php\/wp-json\/wp\/v2\/types\/product"}],"replies":[{"embeddable":true,"href":"http:\/\/chantallbutik.pl\/index.php\/wp-json\/wp\/v2\/comments?post=2588"}],"wp:featuredmedia":[{"embeddable":true,"href":"http:\/\/chantallbutik.pl\/index.php\/wp-json\/wp\/v2\/media\/2265"}],"wp:attachment":[{"href":"http:\/\/chantallbutik.pl\/index.php\/wp-json\/wp\/v2\/media?parent=2588"}],"wp:term":[{"taxonomy":"product_cat","embeddable":true,"href":"http:\/\/chantallbutik.pl\/index.php\/wp-json\/wp\/v2\/product_cat?post=2588"},{"taxonomy":"product_tag","embeddable":true,"href":"http:\/\/chantallbutik.pl\/index.php\/wp-json\/wp\/v2\/product_tag?post=2588"}],"curies":[{"name":"wp","href":"https:\/\/api.w.org\/{rel}","templated":true}]}}