{"id":2584,"date":"2024-05-29T20:05:28","date_gmt":"2024-05-29T18:05:28","guid":{"rendered":"http:\/\/chantallbutik.pl\/?post_type=product&#038;p=2584"},"modified":"2025-09-23T21:54:48","modified_gmt":"2025-09-23T19:54:48","slug":"100ml-78","status":"publish","type":"product","link":"http:\/\/chantallbutik.pl\/index.php\/product\/100ml-78\/","title":{"rendered":"Inspiracja Guerlain Aqua Allegoria Nerolia Vetiver 100ml"},"content":{"rendered":"","protected":false},"excerpt":{"rendered":"<p>Pojemno\u015b\u0107 100ml<\/p>\n<p>Kwiatowy blask kalabryjskiego neroli, podkre\u015blony wetiwerem i od\u015bwie\u017cony bazyli\u0105, po\u0142\u0105czony z pysznym akordem figi.<\/p>\n","protected":false},"featured_media":2269,"comment_status":"open","ping_status":"closed","template":"","meta":[],"product_cat":[20],"product_tag":[],"_links":{"self":[{"href":"http:\/\/chantallbutik.pl\/index.php\/wp-json\/wp\/v2\/product\/2584"}],"collection":[{"href":"http:\/\/chantallbutik.pl\/index.php\/wp-json\/wp\/v2\/product"}],"about":[{"href":"http:\/\/chantallbutik.pl\/index.php\/wp-json\/wp\/v2\/types\/product"}],"replies":[{"embeddable":true,"href":"http:\/\/chantallbutik.pl\/index.php\/wp-json\/wp\/v2\/comments?post=2584"}],"wp:featuredmedia":[{"embeddable":true,"href":"http:\/\/chantallbutik.pl\/index.php\/wp-json\/wp\/v2\/media\/2269"}],"wp:attachment":[{"href":"http:\/\/chantallbutik.pl\/index.php\/wp-json\/wp\/v2\/media?parent=2584"}],"wp:term":[{"taxonomy":"product_cat","embeddable":true,"href":"http:\/\/chantallbutik.pl\/index.php\/wp-json\/wp\/v2\/product_cat?post=2584"},{"taxonomy":"product_tag","embeddable":true,"href":"http:\/\/chantallbutik.pl\/index.php\/wp-json\/wp\/v2\/product_tag?post=2584"}],"curies":[{"name":"wp","href":"https:\/\/api.w.org\/{rel}","templated":true}]}}