{"id":2583,"date":"2024-05-29T20:05:05","date_gmt":"2024-05-29T18:05:05","guid":{"rendered":"http:\/\/chantallbutik.pl\/?post_type=product&#038;p=2583"},"modified":"2025-09-23T21:54:48","modified_gmt":"2025-09-23T19:54:48","slug":"90ml-11","status":"publish","type":"product","link":"http:\/\/chantallbutik.pl\/index.php\/product\/90ml-11\/","title":{"rendered":"Inspiracja Paco Rabanne Olympea Flora 90ml"},"content":{"rendered":"","protected":false},"excerpt":{"rendered":"<p>Pojemno\u015b\u0107 90ml<\/p>\n<p class=\"western\"><b>Premiera: <\/b>2023 rok<\/p>\n<p class=\"western\">To kwiatowe perfumy dla kobiet.<\/p>\n<p class=\"western\"><b>Nuty zapachowe:<\/b><\/p>\n<p class=\"western\">nuta g\u0142owy: Czarna porzeczka, Sorbet i R\u00f3\u017cowy pieprz;<\/p>\n<p class=\"western\">nuta serca: R\u00f3\u017ca i Piwonia;<\/p>\n<p class=\"western\">nuta bazy: Wanilia, Paczula, Drzewo kaszmirowe i S\u00f3l.<\/p>\n","protected":false},"featured_media":2270,"comment_status":"open","ping_status":"closed","template":"","meta":[],"product_cat":[20],"product_tag":[],"_links":{"self":[{"href":"http:\/\/chantallbutik.pl\/index.php\/wp-json\/wp\/v2\/product\/2583"}],"collection":[{"href":"http:\/\/chantallbutik.pl\/index.php\/wp-json\/wp\/v2\/product"}],"about":[{"href":"http:\/\/chantallbutik.pl\/index.php\/wp-json\/wp\/v2\/types\/product"}],"replies":[{"embeddable":true,"href":"http:\/\/chantallbutik.pl\/index.php\/wp-json\/wp\/v2\/comments?post=2583"}],"wp:featuredmedia":[{"embeddable":true,"href":"http:\/\/chantallbutik.pl\/index.php\/wp-json\/wp\/v2\/media\/2270"}],"wp:attachment":[{"href":"http:\/\/chantallbutik.pl\/index.php\/wp-json\/wp\/v2\/media?parent=2583"}],"wp:term":[{"taxonomy":"product_cat","embeddable":true,"href":"http:\/\/chantallbutik.pl\/index.php\/wp-json\/wp\/v2\/product_cat?post=2583"},{"taxonomy":"product_tag","embeddable":true,"href":"http:\/\/chantallbutik.pl\/index.php\/wp-json\/wp\/v2\/product_tag?post=2583"}],"curies":[{"name":"wp","href":"https:\/\/api.w.org\/{rel}","templated":true}]}}