{"id":2582,"date":"2024-05-29T20:04:37","date_gmt":"2024-05-29T18:04:37","guid":{"rendered":"http:\/\/chantallbutik.pl\/?post_type=product&#038;p=2582"},"modified":"2025-09-23T21:54:48","modified_gmt":"2025-09-23T19:54:48","slug":"125ml-4","status":"publish","type":"product","link":"http:\/\/chantallbutik.pl\/index.php\/product\/125ml-4\/","title":{"rendered":"Inspiracja Narciso Rodriguez For Her 125ml"},"content":{"rendered":"","protected":false},"excerpt":{"rendered":"<p>Pojemno\u015b\u0107 125ml<\/p>\n<div id=\"description\" class=\"tab-pane fade in active\" role=\"tabpanel\">\n<div class=\"product-description\">\n<p><strong>Premiera: <\/strong>2006 rok<\/p>\n<p>To kwiatowo &#8211; drzewno &#8211; pi\u017cmowe perfumy dla kobiet.<\/p>\n<p><strong>Nuty zapachowe:<br \/>\n<\/strong><\/p>\n<p>nuta g\u0142owy: r\u00f3\u017ca i brzoskwinia;<\/p>\n<p>nuta serca: pi\u017cmo i ambra;<\/p>\n<p>nuta bazy: drzewo sanda\u0142owe i paczula.<\/p>\n<\/div>\n<\/div>\n","protected":false},"featured_media":2271,"comment_status":"open","ping_status":"closed","template":"","meta":[],"product_cat":[20],"product_tag":[],"_links":{"self":[{"href":"http:\/\/chantallbutik.pl\/index.php\/wp-json\/wp\/v2\/product\/2582"}],"collection":[{"href":"http:\/\/chantallbutik.pl\/index.php\/wp-json\/wp\/v2\/product"}],"about":[{"href":"http:\/\/chantallbutik.pl\/index.php\/wp-json\/wp\/v2\/types\/product"}],"replies":[{"embeddable":true,"href":"http:\/\/chantallbutik.pl\/index.php\/wp-json\/wp\/v2\/comments?post=2582"}],"wp:featuredmedia":[{"embeddable":true,"href":"http:\/\/chantallbutik.pl\/index.php\/wp-json\/wp\/v2\/media\/2271"}],"wp:attachment":[{"href":"http:\/\/chantallbutik.pl\/index.php\/wp-json\/wp\/v2\/media?parent=2582"}],"wp:term":[{"taxonomy":"product_cat","embeddable":true,"href":"http:\/\/chantallbutik.pl\/index.php\/wp-json\/wp\/v2\/product_cat?post=2582"},{"taxonomy":"product_tag","embeddable":true,"href":"http:\/\/chantallbutik.pl\/index.php\/wp-json\/wp\/v2\/product_tag?post=2582"}],"curies":[{"name":"wp","href":"https:\/\/api.w.org\/{rel}","templated":true}]}}