{"id":2580,"date":"2024-05-29T20:03:44","date_gmt":"2024-05-29T18:03:44","guid":{"rendered":"http:\/\/chantallbutik.pl\/?post_type=product&#038;p=2580"},"modified":"2025-09-23T21:54:48","modified_gmt":"2025-09-23T19:54:48","slug":"100ml-76","status":"publish","type":"product","link":"http:\/\/chantallbutik.pl\/index.php\/product\/100ml-76\/","title":{"rendered":"Inspiracja Maison Francis Kurkdjian Baccarat Rouge 540 100ml"},"content":{"rendered":"","protected":false},"excerpt":{"rendered":"<p>Pojemno\u015b\u0107 100ml<\/p>\n<p><strong>Rodzaj zapachu:<\/strong> kwiatowy, orientalny<br \/>\n<strong>Nuty g\u0142owy:<\/strong> Ja\u015bmin, Szafran<br \/>\n<strong>Nuty serca:<\/strong> Bursztyn<br \/>\n<strong>Nuty podstawy:<\/strong> Bia\u0142y cedr, \u017bywica \u015bwierku<\/p>\n","protected":false},"featured_media":2273,"comment_status":"open","ping_status":"closed","template":"","meta":[],"product_cat":[20,19],"product_tag":[],"_links":{"self":[{"href":"http:\/\/chantallbutik.pl\/index.php\/wp-json\/wp\/v2\/product\/2580"}],"collection":[{"href":"http:\/\/chantallbutik.pl\/index.php\/wp-json\/wp\/v2\/product"}],"about":[{"href":"http:\/\/chantallbutik.pl\/index.php\/wp-json\/wp\/v2\/types\/product"}],"replies":[{"embeddable":true,"href":"http:\/\/chantallbutik.pl\/index.php\/wp-json\/wp\/v2\/comments?post=2580"}],"wp:featuredmedia":[{"embeddable":true,"href":"http:\/\/chantallbutik.pl\/index.php\/wp-json\/wp\/v2\/media\/2273"}],"wp:attachment":[{"href":"http:\/\/chantallbutik.pl\/index.php\/wp-json\/wp\/v2\/media?parent=2580"}],"wp:term":[{"taxonomy":"product_cat","embeddable":true,"href":"http:\/\/chantallbutik.pl\/index.php\/wp-json\/wp\/v2\/product_cat?post=2580"},{"taxonomy":"product_tag","embeddable":true,"href":"http:\/\/chantallbutik.pl\/index.php\/wp-json\/wp\/v2\/product_tag?post=2580"}],"curies":[{"name":"wp","href":"https:\/\/api.w.org\/{rel}","templated":true}]}}