{"id":2579,"date":"2024-05-29T20:03:19","date_gmt":"2024-05-29T18:03:19","guid":{"rendered":"http:\/\/chantallbutik.pl\/?post_type=product&#038;p=2579"},"modified":"2025-09-23T21:54:48","modified_gmt":"2025-09-23T19:54:48","slug":"90ml-10","status":"publish","type":"product","link":"http:\/\/chantallbutik.pl\/index.php\/product\/90ml-10\/","title":{"rendered":"Inspiracja Paco Rabanne Olympea Blossom 90ml"},"content":{"rendered":"","protected":false},"excerpt":{"rendered":"<p>Pojemno\u015b\u0107 90ml<\/p>\n<div class=\"h6\">Nuty Zapachowe:<\/div>\n<div class=\"product__desc-line\"><span class=\"product__desc-title\"><b>Nuta g\u0142\u00f3wna:<\/b> <\/span> <span class=\"product__desc-val\"> r\u00f3\u017ca damasce\u0144ska, r\u00f3\u017cowy pieprz <\/span><\/div>\n<div class=\"product__desc-line\"><span class=\"product__desc-title\"><b>Nuta serca:<\/b> <\/span> <span class=\"product__desc-val\"> czarna porzeczka, gruszka, sorbet <\/span><\/div>\n<div class=\"product__desc-line\"><span class=\"product__desc-title\"><b>Nuty bazy:<\/b> <\/span> <span class=\"product__desc-val\"> drewno kaszmirowe, paczula, s\u00f3l, wanilia <\/span><\/div>\n","protected":false},"featured_media":2274,"comment_status":"open","ping_status":"closed","template":"","meta":[],"product_cat":[20],"product_tag":[],"_links":{"self":[{"href":"http:\/\/chantallbutik.pl\/index.php\/wp-json\/wp\/v2\/product\/2579"}],"collection":[{"href":"http:\/\/chantallbutik.pl\/index.php\/wp-json\/wp\/v2\/product"}],"about":[{"href":"http:\/\/chantallbutik.pl\/index.php\/wp-json\/wp\/v2\/types\/product"}],"replies":[{"embeddable":true,"href":"http:\/\/chantallbutik.pl\/index.php\/wp-json\/wp\/v2\/comments?post=2579"}],"wp:featuredmedia":[{"embeddable":true,"href":"http:\/\/chantallbutik.pl\/index.php\/wp-json\/wp\/v2\/media\/2274"}],"wp:attachment":[{"href":"http:\/\/chantallbutik.pl\/index.php\/wp-json\/wp\/v2\/media?parent=2579"}],"wp:term":[{"taxonomy":"product_cat","embeddable":true,"href":"http:\/\/chantallbutik.pl\/index.php\/wp-json\/wp\/v2\/product_cat?post=2579"},{"taxonomy":"product_tag","embeddable":true,"href":"http:\/\/chantallbutik.pl\/index.php\/wp-json\/wp\/v2\/product_tag?post=2579"}],"curies":[{"name":"wp","href":"https:\/\/api.w.org\/{rel}","templated":true}]}}