{"id":2574,"date":"2024-05-29T20:01:35","date_gmt":"2024-05-29T18:01:35","guid":{"rendered":"http:\/\/chantallbutik.pl\/?post_type=product&#038;p=2574"},"modified":"2025-09-23T21:54:48","modified_gmt":"2025-09-23T19:54:48","slug":"85ml-8","status":"publish","type":"product","link":"http:\/\/chantallbutik.pl\/index.php\/product\/85ml-8\/","title":{"rendered":"Inspiracja Carolina Herrera Good Girl Fantastic Pink 85ml"},"content":{"rendered":"<p>&nbsp;<\/p>\n<p>Nuty zapachowe:<\/p>\n<p>&nbsp;<\/p>\n<p>&#8211; nuta g\u0142owy: migda\u0142, kawa, bergamotka i cytryna<\/p>\n<p>&nbsp;<\/p>\n<p>&#8211; nuta serca: ja\u015bmin wielkolistny, tuberoza, irys, r\u00f3\u017ca bu\u0142garska i kwiat pomara\u0144czy<\/p>\n<p>&nbsp;<\/p>\n<p>&#8211; nuta bazy: fasolka tonka, ziarno kakaowca, drzewo sanda\u0142owe, wanilia, pralina, cynamon, cedr, drzewo kaszmirowe, paczula, bursztyn i pi\u017cmo<\/p>\n","protected":false},"excerpt":{"rendered":"<p>&nbsp; Nuty zapachowe: &nbsp; &#8211; nuta g\u0142owy: migda\u0142, kawa, bergamotka i cytryna &nbsp; &#8211; nuta serca: ja\u015bmin wielkolistny, tuberoza, irys, r\u00f3\u017ca bu\u0142garska i kwiat pomara\u0144czy &nbsp; &#8211; nuta bazy: fasolka tonka, ziarno kakaowca, drzewo sanda\u0142owe, wanilia, pralina, cynamon, cedr, drzewo kaszmirowe, paczula, bursztyn i pi\u017cmo<\/p>\n","protected":false},"featured_media":2278,"comment_status":"open","ping_status":"closed","template":"","meta":[],"product_cat":[20],"product_tag":[],"_links":{"self":[{"href":"http:\/\/chantallbutik.pl\/index.php\/wp-json\/wp\/v2\/product\/2574"}],"collection":[{"href":"http:\/\/chantallbutik.pl\/index.php\/wp-json\/wp\/v2\/product"}],"about":[{"href":"http:\/\/chantallbutik.pl\/index.php\/wp-json\/wp\/v2\/types\/product"}],"replies":[{"embeddable":true,"href":"http:\/\/chantallbutik.pl\/index.php\/wp-json\/wp\/v2\/comments?post=2574"}],"wp:featuredmedia":[{"embeddable":true,"href":"http:\/\/chantallbutik.pl\/index.php\/wp-json\/wp\/v2\/media\/2278"}],"wp:attachment":[{"href":"http:\/\/chantallbutik.pl\/index.php\/wp-json\/wp\/v2\/media?parent=2574"}],"wp:term":[{"taxonomy":"product_cat","embeddable":true,"href":"http:\/\/chantallbutik.pl\/index.php\/wp-json\/wp\/v2\/product_cat?post=2574"},{"taxonomy":"product_tag","embeddable":true,"href":"http:\/\/chantallbutik.pl\/index.php\/wp-json\/wp\/v2\/product_tag?post=2574"}],"curies":[{"name":"wp","href":"https:\/\/api.w.org\/{rel}","templated":true}]}}