{"id":2573,"date":"2024-05-29T20:00:52","date_gmt":"2024-05-29T18:00:52","guid":{"rendered":"http:\/\/chantallbutik.pl\/?post_type=product&#038;p=2573"},"modified":"2025-09-23T21:54:48","modified_gmt":"2025-09-23T19:54:48","slug":"85ml-7","status":"publish","type":"product","link":"http:\/\/chantallbutik.pl\/index.php\/product\/85ml-7\/","title":{"rendered":"Inspiracja Carolina Herrera Good Girl Legere 85ml"},"content":{"rendered":"","protected":false},"excerpt":{"rendered":"<p>Pojemno\u015b\u0107 85ml<\/p>\n<p><strong>Premiera:<\/strong> 2018 rok<\/p>\n<p>To orientalno &#8211; kwiatowe perfumy dla kobiet.<\/p>\n<p><strong>Nuty zapachowe:<\/strong><\/p>\n<p>nuta g\u0142owy: ylang-ylang, mandarynka, bergamotka i cytryna;<br \/>\nnuta serca: ja\u015bmin, tuberoza, r\u00f3\u017ca bu\u0142garska i kwiat pomara\u0144czy;<br \/>\nnuta bazy: fasolka tonka, drzewo sanda\u0142owe, pralina, cynamon, kajmak, cedr, drzewo kaszmirowe, paczula, bursztyn i pi\u017cmo<strong>.<\/strong><\/p>\n","protected":false},"featured_media":2279,"comment_status":"open","ping_status":"closed","template":"","meta":[],"product_cat":[20],"product_tag":[],"_links":{"self":[{"href":"http:\/\/chantallbutik.pl\/index.php\/wp-json\/wp\/v2\/product\/2573"}],"collection":[{"href":"http:\/\/chantallbutik.pl\/index.php\/wp-json\/wp\/v2\/product"}],"about":[{"href":"http:\/\/chantallbutik.pl\/index.php\/wp-json\/wp\/v2\/types\/product"}],"replies":[{"embeddable":true,"href":"http:\/\/chantallbutik.pl\/index.php\/wp-json\/wp\/v2\/comments?post=2573"}],"wp:featuredmedia":[{"embeddable":true,"href":"http:\/\/chantallbutik.pl\/index.php\/wp-json\/wp\/v2\/media\/2279"}],"wp:attachment":[{"href":"http:\/\/chantallbutik.pl\/index.php\/wp-json\/wp\/v2\/media?parent=2573"}],"wp:term":[{"taxonomy":"product_cat","embeddable":true,"href":"http:\/\/chantallbutik.pl\/index.php\/wp-json\/wp\/v2\/product_cat?post=2573"},{"taxonomy":"product_tag","embeddable":true,"href":"http:\/\/chantallbutik.pl\/index.php\/wp-json\/wp\/v2\/product_tag?post=2573"}],"curies":[{"name":"wp","href":"https:\/\/api.w.org\/{rel}","templated":true}]}}