{"id":2555,"date":"2024-05-29T19:54:22","date_gmt":"2024-05-29T17:54:22","guid":{"rendered":"http:\/\/chantallbutik.pl\/?post_type=product&#038;p=2555"},"modified":"2025-09-23T22:02:34","modified_gmt":"2025-09-23T20:02:34","slug":"100ml-69","status":"publish","type":"product","link":"http:\/\/chantallbutik.pl\/index.php\/product\/100ml-69\/","title":{"rendered":"Inspiracja Paco Rabanne Fame Blooming Pink100ml"},"content":{"rendered":"<p>Nuty zapachowe:<\/p>\n<p>*G\u0142owa mango, bergamotka<\/p>\n<p>*Serce ja\u015bmin, olibanum<\/p>\n<p>*Podstawa wanilia, drzewo sanda\u0142owe<\/p>\n","protected":false},"excerpt":{"rendered":"<p>Nuty zapachowe: *G\u0142owa mango, bergamotka *Serce ja\u015bmin, olibanum *Podstawa wanilia, drzewo sanda\u0142owe<\/p>\n","protected":false},"featured_media":2294,"comment_status":"open","ping_status":"closed","template":"","meta":[],"product_cat":[20],"product_tag":[],"_links":{"self":[{"href":"http:\/\/chantallbutik.pl\/index.php\/wp-json\/wp\/v2\/product\/2555"}],"collection":[{"href":"http:\/\/chantallbutik.pl\/index.php\/wp-json\/wp\/v2\/product"}],"about":[{"href":"http:\/\/chantallbutik.pl\/index.php\/wp-json\/wp\/v2\/types\/product"}],"replies":[{"embeddable":true,"href":"http:\/\/chantallbutik.pl\/index.php\/wp-json\/wp\/v2\/comments?post=2555"}],"wp:featuredmedia":[{"embeddable":true,"href":"http:\/\/chantallbutik.pl\/index.php\/wp-json\/wp\/v2\/media\/2294"}],"wp:attachment":[{"href":"http:\/\/chantallbutik.pl\/index.php\/wp-json\/wp\/v2\/media?parent=2555"}],"wp:term":[{"taxonomy":"product_cat","embeddable":true,"href":"http:\/\/chantallbutik.pl\/index.php\/wp-json\/wp\/v2\/product_cat?post=2555"},{"taxonomy":"product_tag","embeddable":true,"href":"http:\/\/chantallbutik.pl\/index.php\/wp-json\/wp\/v2\/product_tag?post=2555"}],"curies":[{"name":"wp","href":"https:\/\/api.w.org\/{rel}","templated":true}]}}