{"id":2553,"date":"2024-05-29T19:53:30","date_gmt":"2024-05-29T17:53:30","guid":{"rendered":"http:\/\/chantallbutik.pl\/?post_type=product&#038;p=2553"},"modified":"2025-09-23T22:02:34","modified_gmt":"2025-09-23T20:02:34","slug":"100ml-68","status":"publish","type":"product","link":"http:\/\/chantallbutik.pl\/index.php\/product\/100ml-68\/","title":{"rendered":"Inspiracja Giorgio Armani Acqua Di Gio Pour Homme 100ml"},"content":{"rendered":"","protected":false},"excerpt":{"rendered":"<p>Pojemno\u015b\u0107 100ml<\/p>\n<div id=\"description\" class=\"tab-pane fade in active\" role=\"tabpanel\">\n<div class=\"product-description\">\n<p><strong>Premiera: <\/strong>1996 rok<\/p>\n<p>To aromatyczno &#8211; wodne perfumy dla m\u0119\u017cczyzn.<\/p>\n<p><strong>Nuty zapachowe:<br \/>\n<\/strong><\/p>\n<p>nuta g\u0142owy: pomara\u0144cza, lima, mandarynka, ja\u015bmin, bergamotka, cytryna i neroli<\/p>\n<p>nuta serca: cyklamen, ga\u0142ka muszkato\u0142owa, rezeda, kolendra, fio\u0142ek, frezja, nuty morskie, brzoskwinia, hiacynt, r\u00f3\u017ca, ja\u015bmin, rozmaryn i calone<\/p>\n<p>nuta bazy: ambra, paczula, mech d\u0119bowy, cedr i bia\u0142e pi\u017cmo<\/p>\n<\/div>\n<\/div>\n","protected":false},"featured_media":2296,"comment_status":"open","ping_status":"closed","template":"","meta":[],"product_cat":[19],"product_tag":[],"_links":{"self":[{"href":"http:\/\/chantallbutik.pl\/index.php\/wp-json\/wp\/v2\/product\/2553"}],"collection":[{"href":"http:\/\/chantallbutik.pl\/index.php\/wp-json\/wp\/v2\/product"}],"about":[{"href":"http:\/\/chantallbutik.pl\/index.php\/wp-json\/wp\/v2\/types\/product"}],"replies":[{"embeddable":true,"href":"http:\/\/chantallbutik.pl\/index.php\/wp-json\/wp\/v2\/comments?post=2553"}],"wp:featuredmedia":[{"embeddable":true,"href":"http:\/\/chantallbutik.pl\/index.php\/wp-json\/wp\/v2\/media\/2296"}],"wp:attachment":[{"href":"http:\/\/chantallbutik.pl\/index.php\/wp-json\/wp\/v2\/media?parent=2553"}],"wp:term":[{"taxonomy":"product_cat","embeddable":true,"href":"http:\/\/chantallbutik.pl\/index.php\/wp-json\/wp\/v2\/product_cat?post=2553"},{"taxonomy":"product_tag","embeddable":true,"href":"http:\/\/chantallbutik.pl\/index.php\/wp-json\/wp\/v2\/product_tag?post=2553"}],"curies":[{"name":"wp","href":"https:\/\/api.w.org\/{rel}","templated":true}]}}