{"id":2535,"date":"2024-05-29T19:47:07","date_gmt":"2024-05-29T17:47:07","guid":{"rendered":"http:\/\/chantallbutik.pl\/?post_type=product&#038;p=2535"},"modified":"2025-09-23T22:00:41","modified_gmt":"2025-09-23T20:00:41","slug":"100ml-59","status":"publish","type":"product","link":"http:\/\/chantallbutik.pl\/index.php\/product\/100ml-59\/","title":{"rendered":"Inspiracja BOSS Bottled 100ml"},"content":{"rendered":"<p>Nuty zapachowe<\/p>\n<p><strong><em>G\u0142owa jab\u0142ko, bergamotka, czarny pieprz<\/em><\/strong><\/p>\n<p><strong><em>Serce cynamon, ga\u0142ka muszkato\u0142owa, kardamon<\/em><\/strong><\/p>\n<p><strong><em>Podstawa wetiweria, pi\u017cmo<\/em><\/strong><\/p>\n<p><strong><em>Grupy zapach\u00f3w przyprawowe, drzewne<\/em><\/strong><\/p>\n","protected":false},"excerpt":{"rendered":"<p>Nuty zapachowe G\u0142owa jab\u0142ko, bergamotka, czarny pieprz Serce cynamon, ga\u0142ka muszkato\u0142owa, kardamon Podstawa wetiweria, pi\u017cmo Grupy zapach\u00f3w przyprawowe, drzewne<\/p>\n","protected":false},"featured_media":2310,"comment_status":"open","ping_status":"closed","template":"","meta":[],"product_cat":[19],"product_tag":[],"_links":{"self":[{"href":"http:\/\/chantallbutik.pl\/index.php\/wp-json\/wp\/v2\/product\/2535"}],"collection":[{"href":"http:\/\/chantallbutik.pl\/index.php\/wp-json\/wp\/v2\/product"}],"about":[{"href":"http:\/\/chantallbutik.pl\/index.php\/wp-json\/wp\/v2\/types\/product"}],"replies":[{"embeddable":true,"href":"http:\/\/chantallbutik.pl\/index.php\/wp-json\/wp\/v2\/comments?post=2535"}],"wp:featuredmedia":[{"embeddable":true,"href":"http:\/\/chantallbutik.pl\/index.php\/wp-json\/wp\/v2\/media\/2310"}],"wp:attachment":[{"href":"http:\/\/chantallbutik.pl\/index.php\/wp-json\/wp\/v2\/media?parent=2535"}],"wp:term":[{"taxonomy":"product_cat","embeddable":true,"href":"http:\/\/chantallbutik.pl\/index.php\/wp-json\/wp\/v2\/product_cat?post=2535"},{"taxonomy":"product_tag","embeddable":true,"href":"http:\/\/chantallbutik.pl\/index.php\/wp-json\/wp\/v2\/product_tag?post=2535"}],"curies":[{"name":"wp","href":"https:\/\/api.w.org\/{rel}","templated":true}]}}