{"id":2531,"date":"2024-05-29T19:45:58","date_gmt":"2024-05-29T17:45:58","guid":{"rendered":"http:\/\/chantallbutik.pl\/?post_type=product&#038;p=2531"},"modified":"2025-09-23T22:00:41","modified_gmt":"2025-09-23T20:00:41","slug":"100ml-56","status":"publish","type":"product","link":"http:\/\/chantallbutik.pl\/index.php\/product\/100ml-56\/","title":{"rendered":"Inspiracja Paco Rabanne Phantom  100ml"},"content":{"rendered":"<p>G\u0142owa mi\u0119ta, mandarynka<\/p>\n<p>Serce r\u00f3\u017ca, cynamon<\/p>\n<p>Podstawa bursztyn, sk\u00f3ra<\/p>\n<p>Grupy zapach\u00f3w przyprawowe, drzewne<\/p>\n","protected":false},"excerpt":{"rendered":"<p>G\u0142owa mi\u0119ta, mandarynka Serce r\u00f3\u017ca, cynamon Podstawa bursztyn, sk\u00f3ra Grupy zapach\u00f3w przyprawowe, drzewne<\/p>\n","protected":false},"featured_media":2313,"comment_status":"open","ping_status":"closed","template":"","meta":[],"product_cat":[19],"product_tag":[],"_links":{"self":[{"href":"http:\/\/chantallbutik.pl\/index.php\/wp-json\/wp\/v2\/product\/2531"}],"collection":[{"href":"http:\/\/chantallbutik.pl\/index.php\/wp-json\/wp\/v2\/product"}],"about":[{"href":"http:\/\/chantallbutik.pl\/index.php\/wp-json\/wp\/v2\/types\/product"}],"replies":[{"embeddable":true,"href":"http:\/\/chantallbutik.pl\/index.php\/wp-json\/wp\/v2\/comments?post=2531"}],"wp:featuredmedia":[{"embeddable":true,"href":"http:\/\/chantallbutik.pl\/index.php\/wp-json\/wp\/v2\/media\/2313"}],"wp:attachment":[{"href":"http:\/\/chantallbutik.pl\/index.php\/wp-json\/wp\/v2\/media?parent=2531"}],"wp:term":[{"taxonomy":"product_cat","embeddable":true,"href":"http:\/\/chantallbutik.pl\/index.php\/wp-json\/wp\/v2\/product_cat?post=2531"},{"taxonomy":"product_tag","embeddable":true,"href":"http:\/\/chantallbutik.pl\/index.php\/wp-json\/wp\/v2\/product_tag?post=2531"}],"curies":[{"name":"wp","href":"https:\/\/api.w.org\/{rel}","templated":true}]}}