{"id":2527,"date":"2024-05-29T19:44:45","date_gmt":"2024-05-29T17:44:45","guid":{"rendered":"http:\/\/chantallbutik.pl\/?post_type=product&#038;p=2527"},"modified":"2025-09-23T22:00:41","modified_gmt":"2025-09-23T20:00:41","slug":"100ml-53","status":"publish","type":"product","link":"http:\/\/chantallbutik.pl\/index.php\/product\/100ml-53\/","title":{"rendered":"Inspiracja Paco Rabanne 1 Million Lucky 100ml"},"content":{"rendered":"","protected":false},"excerpt":{"rendered":"<p>Pojemno\u015b\u0107 100ml<\/p>\n<div id=\"description\" class=\"tab-pane fade in active\" role=\"tabpanel\">\n<div class=\"product-description\">\n<p><strong>Premiera:<\/strong> 2018 rok<\/p>\n<p>To drzewne perfumy dla m\u0119\u017cczyzn.<\/p>\n<p><strong>Nuty zapachowe:<\/strong><\/p>\n<p>nuta g\u0142owy: nuty ozonowe, \u015aliwka, grejpfrut i bergamotka;<br \/>\nnuta serca: orzech laskowy, cedr, drzewo kaszmirowe, ja\u015bmin, mi\u00f3d i kwiat pomara\u0144czy;<br \/>\nnuta bazy: paczula, mech d\u0119bowy, wetyweria i drzewo bursztynowe.<\/p>\n<\/div>\n<\/div>\n","protected":false},"featured_media":2316,"comment_status":"open","ping_status":"closed","template":"","meta":[],"product_cat":[19],"product_tag":[],"_links":{"self":[{"href":"http:\/\/chantallbutik.pl\/index.php\/wp-json\/wp\/v2\/product\/2527"}],"collection":[{"href":"http:\/\/chantallbutik.pl\/index.php\/wp-json\/wp\/v2\/product"}],"about":[{"href":"http:\/\/chantallbutik.pl\/index.php\/wp-json\/wp\/v2\/types\/product"}],"replies":[{"embeddable":true,"href":"http:\/\/chantallbutik.pl\/index.php\/wp-json\/wp\/v2\/comments?post=2527"}],"wp:featuredmedia":[{"embeddable":true,"href":"http:\/\/chantallbutik.pl\/index.php\/wp-json\/wp\/v2\/media\/2316"}],"wp:attachment":[{"href":"http:\/\/chantallbutik.pl\/index.php\/wp-json\/wp\/v2\/media?parent=2527"}],"wp:term":[{"taxonomy":"product_cat","embeddable":true,"href":"http:\/\/chantallbutik.pl\/index.php\/wp-json\/wp\/v2\/product_cat?post=2527"},{"taxonomy":"product_tag","embeddable":true,"href":"http:\/\/chantallbutik.pl\/index.php\/wp-json\/wp\/v2\/product_tag?post=2527"}],"curies":[{"name":"wp","href":"https:\/\/api.w.org\/{rel}","templated":true}]}}