{"id":2520,"date":"2024-05-29T19:42:28","date_gmt":"2024-05-29T17:42:28","guid":{"rendered":"http:\/\/chantallbutik.pl\/?post_type=product&#038;p=2520"},"modified":"2025-09-23T22:00:42","modified_gmt":"2025-09-23T20:00:42","slug":"100ml-48","status":"publish","type":"product","link":"http:\/\/chantallbutik.pl\/index.php\/product\/100ml-48\/","title":{"rendered":"Inspiracja Calvin Klein Euphoria Woman 100ml"},"content":{"rendered":"","protected":false},"excerpt":{"rendered":"<p>Pojemno\u015b\u0107 100ml<\/p>\n<div id=\"description\" class=\"tab-pane fade in active\" role=\"tabpanel\">\n<div class=\"product-description\">\n<p><strong>Premiera:<\/strong> 2005 rok<\/p>\n<p>To orientalno &#8211; kwiatowe perfumy dla kobiet.<\/p>\n<p><strong>Nuty zapachowe:<br \/>\n<\/strong><\/p>\n<p>nuta g\u0142owy: granat;<\/p>\n<p>nuta serca: lotos i orchidea;<\/p>\n<p>nuta bazy: fio\u0142ek, ambra, pi\u017cmo i maho\u0144.<\/p>\n<\/div>\n<\/div>\n","protected":false},"featured_media":2322,"comment_status":"open","ping_status":"closed","template":"","meta":[],"product_cat":[20],"product_tag":[],"_links":{"self":[{"href":"http:\/\/chantallbutik.pl\/index.php\/wp-json\/wp\/v2\/product\/2520"}],"collection":[{"href":"http:\/\/chantallbutik.pl\/index.php\/wp-json\/wp\/v2\/product"}],"about":[{"href":"http:\/\/chantallbutik.pl\/index.php\/wp-json\/wp\/v2\/types\/product"}],"replies":[{"embeddable":true,"href":"http:\/\/chantallbutik.pl\/index.php\/wp-json\/wp\/v2\/comments?post=2520"}],"wp:featuredmedia":[{"embeddable":true,"href":"http:\/\/chantallbutik.pl\/index.php\/wp-json\/wp\/v2\/media\/2322"}],"wp:attachment":[{"href":"http:\/\/chantallbutik.pl\/index.php\/wp-json\/wp\/v2\/media?parent=2520"}],"wp:term":[{"taxonomy":"product_cat","embeddable":true,"href":"http:\/\/chantallbutik.pl\/index.php\/wp-json\/wp\/v2\/product_cat?post=2520"},{"taxonomy":"product_tag","embeddable":true,"href":"http:\/\/chantallbutik.pl\/index.php\/wp-json\/wp\/v2\/product_tag?post=2520"}],"curies":[{"name":"wp","href":"https:\/\/api.w.org\/{rel}","templated":true}]}}