{"id":2518,"date":"2024-05-29T19:42:03","date_gmt":"2024-05-29T17:42:03","guid":{"rendered":"http:\/\/chantallbutik.pl\/?post_type=product&#038;p=2518"},"modified":"2025-09-23T22:00:42","modified_gmt":"2025-09-23T20:00:42","slug":"90ml-4","status":"publish","type":"product","link":"http:\/\/chantallbutik.pl\/index.php\/product\/90ml-4\/","title":{"rendered":"Inspiracja Yves Saint Laurent Mon Paris 90ml"},"content":{"rendered":"","protected":false},"excerpt":{"rendered":"<p>Pojemno\u015b\u0107 90ml<\/p>\n<div id=\"description\" class=\"tab-pane fade in active\" role=\"tabpanel\">\n<div class=\"product-description\">\n<p><strong>Premiera:<\/strong> 2016 rok<\/p>\n<p>To szyprowo &#8211; owocowe perfumy dla kobiet.<\/p>\n<p><strong>Nuty zapachowe:<\/strong><\/p>\n<p>nuta g\u0142owy: truskawka, malina, gruszka, kalabryjska bergamotka, calone, pomara\u0144cza i tangeryna;<\/p>\n<p>nuta serca: bielu\u0144, piwonia, kwiat pomara\u0144czy, ja\u015bmin wielkolistny i chi\u0144ski ja\u015bmin;<\/p>\n<p>nuta bazy: li\u015b\u0107 indonezyjskiej paczuli, bia\u0142e pi\u017cmo, ambroksan, paczula, cedr, mech i wanilia.<\/p>\n<\/div>\n<\/div>\n","protected":false},"featured_media":2323,"comment_status":"open","ping_status":"closed","template":"","meta":[],"product_cat":[20],"product_tag":[],"_links":{"self":[{"href":"http:\/\/chantallbutik.pl\/index.php\/wp-json\/wp\/v2\/product\/2518"}],"collection":[{"href":"http:\/\/chantallbutik.pl\/index.php\/wp-json\/wp\/v2\/product"}],"about":[{"href":"http:\/\/chantallbutik.pl\/index.php\/wp-json\/wp\/v2\/types\/product"}],"replies":[{"embeddable":true,"href":"http:\/\/chantallbutik.pl\/index.php\/wp-json\/wp\/v2\/comments?post=2518"}],"wp:featuredmedia":[{"embeddable":true,"href":"http:\/\/chantallbutik.pl\/index.php\/wp-json\/wp\/v2\/media\/2323"}],"wp:attachment":[{"href":"http:\/\/chantallbutik.pl\/index.php\/wp-json\/wp\/v2\/media?parent=2518"}],"wp:term":[{"taxonomy":"product_cat","embeddable":true,"href":"http:\/\/chantallbutik.pl\/index.php\/wp-json\/wp\/v2\/product_cat?post=2518"},{"taxonomy":"product_tag","embeddable":true,"href":"http:\/\/chantallbutik.pl\/index.php\/wp-json\/wp\/v2\/product_tag?post=2518"}],"curies":[{"name":"wp","href":"https:\/\/api.w.org\/{rel}","templated":true}]}}