{"id":2514,"date":"2024-05-29T19:39:15","date_gmt":"2024-05-29T17:39:15","guid":{"rendered":"http:\/\/chantallbutik.pl\/?post_type=product&#038;p=2514"},"modified":"2025-09-23T22:01:46","modified_gmt":"2025-09-23T20:01:46","slug":"100ml-47","status":"publish","type":"product","link":"http:\/\/chantallbutik.pl\/index.php\/product\/100ml-47\/","title":{"rendered":"Inspiracja Paco Rabanne Invictus 100ml"},"content":{"rendered":"","protected":false},"excerpt":{"rendered":"<p>Pojemno\u015b\u0107 100ml<\/p>\n<div id=\"description\" class=\"tab-pane fade in active\" role=\"tabpanel\">\n<div class=\"product-description\">\n<p><strong>Premiera: <\/strong>2013 rok<\/p>\n<p>To drzewno &#8211; wodne perfumy dla m\u0119\u017cczyzn.<\/p>\n<p><strong>Nuty zapachowe:<br \/>\n<\/strong><\/p>\n<p>nuta g\u0142owy: grejpfrut, nuty morskie i mandarynka<br \/>\nnuta serca: li\u015b\u0107 laurowy i ja\u015bmin<br \/>\nnuta bazy: drzewo gwajakowe, mech d\u0119bowy, paczula i ambra<\/p>\n<\/div>\n<\/div>\n","protected":false},"featured_media":2326,"comment_status":"open","ping_status":"closed","template":"","meta":[],"product_cat":[19],"product_tag":[],"_links":{"self":[{"href":"http:\/\/chantallbutik.pl\/index.php\/wp-json\/wp\/v2\/product\/2514"}],"collection":[{"href":"http:\/\/chantallbutik.pl\/index.php\/wp-json\/wp\/v2\/product"}],"about":[{"href":"http:\/\/chantallbutik.pl\/index.php\/wp-json\/wp\/v2\/types\/product"}],"replies":[{"embeddable":true,"href":"http:\/\/chantallbutik.pl\/index.php\/wp-json\/wp\/v2\/comments?post=2514"}],"wp:featuredmedia":[{"embeddable":true,"href":"http:\/\/chantallbutik.pl\/index.php\/wp-json\/wp\/v2\/media\/2326"}],"wp:attachment":[{"href":"http:\/\/chantallbutik.pl\/index.php\/wp-json\/wp\/v2\/media?parent=2514"}],"wp:term":[{"taxonomy":"product_cat","embeddable":true,"href":"http:\/\/chantallbutik.pl\/index.php\/wp-json\/wp\/v2\/product_cat?post=2514"},{"taxonomy":"product_tag","embeddable":true,"href":"http:\/\/chantallbutik.pl\/index.php\/wp-json\/wp\/v2\/product_tag?post=2514"}],"curies":[{"name":"wp","href":"https:\/\/api.w.org\/{rel}","templated":true}]}}