{"id":2503,"date":"2024-05-29T19:27:17","date_gmt":"2024-05-29T17:27:17","guid":{"rendered":"http:\/\/chantallbutik.pl\/?post_type=product&#038;p=2503"},"modified":"2025-09-23T22:01:47","modified_gmt":"2025-09-23T20:01:47","slug":"75ml-8","status":"publish","type":"product","link":"http:\/\/chantallbutik.pl\/index.php\/product\/75ml-8\/","title":{"rendered":"Inspiracja Lancome La Vie est belle Intense 75ml"},"content":{"rendered":"","protected":false},"excerpt":{"rendered":"<p>Pojemno\u015b\u0107 75ml<\/p>\n<div id=\"description\" class=\"tab-pane fade in active\" role=\"tabpanel\">\n<div class=\"product-description\">\n<p><strong>Premiera: <\/strong>2015 rok<\/p>\n<p>To kwiatowo &#8211; owocowo &#8211; gourmand perfumy dla kobiet.<\/p>\n<p><strong>Nuty zapachowe:<\/strong><\/p>\n<p>nuta g\u0142owy: bergamotka, pomara\u0144cza, gruszka, \u0142odygi porzeczki i r\u00f3\u017cowy pieprz<br \/>\nnuta serca: tuberoza, irys, kwiat pomara\u0144czy, ja\u015bmin wielkolistny i ylang-ylang<br \/>\nnuta bazy: orzech laskowy i bita \u015bmietana<\/p>\n<\/div>\n<\/div>\n","protected":false},"featured_media":2334,"comment_status":"open","ping_status":"closed","template":"","meta":[],"product_cat":[20],"product_tag":[],"_links":{"self":[{"href":"http:\/\/chantallbutik.pl\/index.php\/wp-json\/wp\/v2\/product\/2503"}],"collection":[{"href":"http:\/\/chantallbutik.pl\/index.php\/wp-json\/wp\/v2\/product"}],"about":[{"href":"http:\/\/chantallbutik.pl\/index.php\/wp-json\/wp\/v2\/types\/product"}],"replies":[{"embeddable":true,"href":"http:\/\/chantallbutik.pl\/index.php\/wp-json\/wp\/v2\/comments?post=2503"}],"wp:featuredmedia":[{"embeddable":true,"href":"http:\/\/chantallbutik.pl\/index.php\/wp-json\/wp\/v2\/media\/2334"}],"wp:attachment":[{"href":"http:\/\/chantallbutik.pl\/index.php\/wp-json\/wp\/v2\/media?parent=2503"}],"wp:term":[{"taxonomy":"product_cat","embeddable":true,"href":"http:\/\/chantallbutik.pl\/index.php\/wp-json\/wp\/v2\/product_cat?post=2503"},{"taxonomy":"product_tag","embeddable":true,"href":"http:\/\/chantallbutik.pl\/index.php\/wp-json\/wp\/v2\/product_tag?post=2503"}],"curies":[{"name":"wp","href":"https:\/\/api.w.org\/{rel}","templated":true}]}}