{"id":2500,"date":"2024-05-29T19:25:46","date_gmt":"2024-05-29T17:25:46","guid":{"rendered":"http:\/\/chantallbutik.pl\/?post_type=product&#038;p=2500"},"modified":"2025-09-23T22:01:47","modified_gmt":"2025-09-23T20:01:47","slug":"100ml-40","status":"publish","type":"product","link":"http:\/\/chantallbutik.pl\/index.php\/product\/100ml-40\/","title":{"rendered":"Inspiracja Hugo Boss The Scent Le Parfum For Her 100ml"},"content":{"rendered":"","protected":false},"excerpt":{"rendered":"<p>Pojemno\u015b\u0107 100ml<\/p>\n<div class=\"h6\">Nuty Zapachowe:<\/div>\n<div class=\"product__desc-line\"><span class=\"product__desc-title\"><b>Nuta g\u0142\u00f3wna:<\/b> <\/span> <span class=\"product__desc-val\"> r\u00f3\u017cowy pieprz, kwiat pomara\u0144czy <\/span><\/div>\n<div class=\"product__desc-line\"><span class=\"product__desc-title\"><b>Nuta serca:<\/b> <\/span> <span class=\"product__desc-val\"> wetyweria <\/span><\/div>\n<div class=\"product__desc-line\"><span class=\"product__desc-title\"><b>Nuty bazy:<\/b> <\/span> <span class=\"product__desc-val\"> paczula, akigalawood <\/span><\/div>\n","protected":false},"featured_media":2337,"comment_status":"open","ping_status":"closed","template":"","meta":[],"product_cat":[20],"product_tag":[],"_links":{"self":[{"href":"http:\/\/chantallbutik.pl\/index.php\/wp-json\/wp\/v2\/product\/2500"}],"collection":[{"href":"http:\/\/chantallbutik.pl\/index.php\/wp-json\/wp\/v2\/product"}],"about":[{"href":"http:\/\/chantallbutik.pl\/index.php\/wp-json\/wp\/v2\/types\/product"}],"replies":[{"embeddable":true,"href":"http:\/\/chantallbutik.pl\/index.php\/wp-json\/wp\/v2\/comments?post=2500"}],"wp:featuredmedia":[{"embeddable":true,"href":"http:\/\/chantallbutik.pl\/index.php\/wp-json\/wp\/v2\/media\/2337"}],"wp:attachment":[{"href":"http:\/\/chantallbutik.pl\/index.php\/wp-json\/wp\/v2\/media?parent=2500"}],"wp:term":[{"taxonomy":"product_cat","embeddable":true,"href":"http:\/\/chantallbutik.pl\/index.php\/wp-json\/wp\/v2\/product_cat?post=2500"},{"taxonomy":"product_tag","embeddable":true,"href":"http:\/\/chantallbutik.pl\/index.php\/wp-json\/wp\/v2\/product_tag?post=2500"}],"curies":[{"name":"wp","href":"https:\/\/api.w.org\/{rel}","templated":true}]}}