{"id":2496,"date":"2024-05-29T19:24:35","date_gmt":"2024-05-29T17:24:35","guid":{"rendered":"http:\/\/chantallbutik.pl\/?post_type=product&#038;p=2496"},"modified":"2025-09-23T22:01:47","modified_gmt":"2025-09-23T20:01:47","slug":"100ml-37","status":"publish","type":"product","link":"http:\/\/chantallbutik.pl\/index.php\/product\/100ml-37\/","title":{"rendered":"Inspiracja Giorgio Armani Si Passione 100ml"},"content":{"rendered":"","protected":false},"excerpt":{"rendered":"<p>Pojemno\u015b\u0107 100ml<\/p>\n<p><strong>Premiera: <\/strong>2017 rok<\/p>\n<p>To kwiatowo &#8211; owocowe perfumy dla kobiet.<\/p>\n<p><strong>Nuty zapachowe:<\/strong><\/p>\n<p>nuta g\u0142owy: r\u00f3\u017cowy pieprz, gruszka i czarna porzeczka;<\/p>\n<p>nuta serca: r\u00f3\u017ca, ja\u015bmin i heliotrop;<\/p>\n<p>nuta bazy: cedr i wanilia.<\/p>\n","protected":false},"featured_media":2340,"comment_status":"open","ping_status":"closed","template":"","meta":[],"product_cat":[20],"product_tag":[],"_links":{"self":[{"href":"http:\/\/chantallbutik.pl\/index.php\/wp-json\/wp\/v2\/product\/2496"}],"collection":[{"href":"http:\/\/chantallbutik.pl\/index.php\/wp-json\/wp\/v2\/product"}],"about":[{"href":"http:\/\/chantallbutik.pl\/index.php\/wp-json\/wp\/v2\/types\/product"}],"replies":[{"embeddable":true,"href":"http:\/\/chantallbutik.pl\/index.php\/wp-json\/wp\/v2\/comments?post=2496"}],"wp:featuredmedia":[{"embeddable":true,"href":"http:\/\/chantallbutik.pl\/index.php\/wp-json\/wp\/v2\/media\/2340"}],"wp:attachment":[{"href":"http:\/\/chantallbutik.pl\/index.php\/wp-json\/wp\/v2\/media?parent=2496"}],"wp:term":[{"taxonomy":"product_cat","embeddable":true,"href":"http:\/\/chantallbutik.pl\/index.php\/wp-json\/wp\/v2\/product_cat?post=2496"},{"taxonomy":"product_tag","embeddable":true,"href":"http:\/\/chantallbutik.pl\/index.php\/wp-json\/wp\/v2\/product_tag?post=2496"}],"curies":[{"name":"wp","href":"https:\/\/api.w.org\/{rel}","templated":true}]}}