{"id":2479,"date":"2024-05-29T19:18:57","date_gmt":"2024-05-29T17:18:57","guid":{"rendered":"http:\/\/chantallbutik.pl\/?post_type=product&#038;p=2479"},"modified":"2025-09-23T22:03:01","modified_gmt":"2025-09-23T20:03:01","slug":"80ml-3","status":"publish","type":"product","link":"http:\/\/chantallbutik.pl\/index.php\/product\/80ml-3\/","title":{"rendered":"Inspiracja Paco Rabanne Lady Million 80ml"},"content":{"rendered":"","protected":false},"excerpt":{"rendered":"<p>Pojemno\u015b\u0107 80ml<\/p>\n<div id=\"description\" class=\"tab-pane fade in active\" role=\"tabpanel\">\n<div class=\"product-description\">\n<p><strong>Premiera: <\/strong>2010 rok<\/p>\n<p>To kwiatowo &#8211; owocowe perfumy dla kobiet.<\/p>\n<p><strong>Nuty zapachowe:<br \/>\n<\/strong><\/p>\n<p>nuta g\u0142owy: neroli, cytryna amalfi i malina ;<\/p>\n<p>nuta serca: ja\u015bmin, kwiat afryka\u0144skiej pomara\u0144czy i gardenia ;<\/p>\n<p>nuta bazy: paczula, bia\u0142y mi\u00f3d i ambra.<\/p>\n<\/div>\n<\/div>\n","protected":false},"featured_media":2354,"comment_status":"open","ping_status":"closed","template":"","meta":[],"product_cat":[20],"product_tag":[],"_links":{"self":[{"href":"http:\/\/chantallbutik.pl\/index.php\/wp-json\/wp\/v2\/product\/2479"}],"collection":[{"href":"http:\/\/chantallbutik.pl\/index.php\/wp-json\/wp\/v2\/product"}],"about":[{"href":"http:\/\/chantallbutik.pl\/index.php\/wp-json\/wp\/v2\/types\/product"}],"replies":[{"embeddable":true,"href":"http:\/\/chantallbutik.pl\/index.php\/wp-json\/wp\/v2\/comments?post=2479"}],"wp:featuredmedia":[{"embeddable":true,"href":"http:\/\/chantallbutik.pl\/index.php\/wp-json\/wp\/v2\/media\/2354"}],"wp:attachment":[{"href":"http:\/\/chantallbutik.pl\/index.php\/wp-json\/wp\/v2\/media?parent=2479"}],"wp:term":[{"taxonomy":"product_cat","embeddable":true,"href":"http:\/\/chantallbutik.pl\/index.php\/wp-json\/wp\/v2\/product_cat?post=2479"},{"taxonomy":"product_tag","embeddable":true,"href":"http:\/\/chantallbutik.pl\/index.php\/wp-json\/wp\/v2\/product_tag?post=2479"}],"curies":[{"name":"wp","href":"https:\/\/api.w.org\/{rel}","templated":true}]}}