{"id":2478,"date":"2024-05-29T19:18:32","date_gmt":"2024-05-29T17:18:32","guid":{"rendered":"http:\/\/chantallbutik.pl\/?post_type=product&#038;p=2478"},"modified":"2025-09-23T22:03:02","modified_gmt":"2025-09-23T20:03:02","slug":"100ml-27","status":"publish","type":"product","link":"http:\/\/chantallbutik.pl\/index.php\/product\/100ml-27\/","title":{"rendered":"Inspiracja Giorgio Armani Si Nacre Edition 100ml"},"content":{"rendered":"","protected":false},"excerpt":{"rendered":"<p>Pojemno\u015b\u0107 100ml<\/p>\n<div id=\"description\" class=\"tab-pane fade in active\" role=\"tabpanel\">\n<div class=\"product-description\">\n<p><strong>Premiera<\/strong>: 2013 rok<\/p>\n<p>To szyprowe perfumy dla kobiet.<\/p>\n<p><strong>Nuty zapachowe: <\/strong><\/p>\n<p>nuta g\u0142owy: li\u015b\u0107 czarnej porzeczki<br \/>\nnuta serca : frezja i r\u00f3\u017ca majowa<br \/>\nnuta bazy wanilia, paczula, ambroksan i nuty drzewne<\/p>\n<\/div>\n<\/div>\n","protected":false},"featured_media":2355,"comment_status":"open","ping_status":"closed","template":"","meta":[],"product_cat":[20],"product_tag":[],"_links":{"self":[{"href":"http:\/\/chantallbutik.pl\/index.php\/wp-json\/wp\/v2\/product\/2478"}],"collection":[{"href":"http:\/\/chantallbutik.pl\/index.php\/wp-json\/wp\/v2\/product"}],"about":[{"href":"http:\/\/chantallbutik.pl\/index.php\/wp-json\/wp\/v2\/types\/product"}],"replies":[{"embeddable":true,"href":"http:\/\/chantallbutik.pl\/index.php\/wp-json\/wp\/v2\/comments?post=2478"}],"wp:featuredmedia":[{"embeddable":true,"href":"http:\/\/chantallbutik.pl\/index.php\/wp-json\/wp\/v2\/media\/2355"}],"wp:attachment":[{"href":"http:\/\/chantallbutik.pl\/index.php\/wp-json\/wp\/v2\/media?parent=2478"}],"wp:term":[{"taxonomy":"product_cat","embeddable":true,"href":"http:\/\/chantallbutik.pl\/index.php\/wp-json\/wp\/v2\/product_cat?post=2478"},{"taxonomy":"product_tag","embeddable":true,"href":"http:\/\/chantallbutik.pl\/index.php\/wp-json\/wp\/v2\/product_tag?post=2478"}],"curies":[{"name":"wp","href":"https:\/\/api.w.org\/{rel}","templated":true}]}}